{"id":3139,"date":"2023-02-02T11:58:44","date_gmt":"2023-02-02T11:58:44","guid":{"rendered":"https:\/\/aromatarestaurant.com\/aviso-legal\/"},"modified":"2024-12-11T08:06:09","modified_gmt":"2024-12-11T08:06:09","slug":"legal-notice","status":"publish","type":"page","link":"https:\/\/aromatarestaurant.com\/en\/legal-notice\/","title":{"rendered":"Legal Notice"},"content":{"rendered":"\t\t<div data-elementor-type=\"wp-page\" data-elementor-id=\"3139\" class=\"elementor elementor-3139 elementor-2384\">\n\t\t\t\t\t\t\t\t\t<section class=\"elementor-section elementor-top-section elementor-element elementor-element-5974503f elementor-section-full_width elementor-section-height-min-height elementor-section-items-bottom elementor-section-height-default\" data-id=\"5974503f\" data-element_type=\"section\" data-settings=\"{&quot;background_background&quot;:&quot;classic&quot;}\">\n\t\t\t\t\t\t\t<div class=\"elementor-background-overlay\"><\/div>\n\t\t\t\t\t\t\t<div class=\"elementor-container elementor-column-gap-default\">\n\t\t\t\t\t<div class=\"elementor-column elementor-col-100 elementor-top-column elementor-element elementor-element-46f8836b\" data-id=\"46f8836b\" data-element_type=\"column\">\n\t\t\t<div class=\"elementor-widget-wrap elementor-element-populated\">\n\t\t\t\t\t\t\t\t<div class=\"elementor-element elementor-element-533564cb elementor-widget elementor-widget-heading\" data-id=\"533564cb\" data-element_type=\"widget\" data-widget_type=\"heading.default\">\n\t\t\t\t<div class=\"elementor-widget-container\">\n\t\t\t<style>\/*! elementor - v3.14.0 - 26-06-2023 *\/\n.elementor-heading-title{padding:0;margin:0;line-height:1}.elementor-widget-heading .elementor-heading-title[class*=elementor-size-]>a{color:inherit;font-size:inherit;line-height:inherit}.elementor-widget-heading .elementor-heading-title.elementor-size-small{font-size:15px}.elementor-widget-heading .elementor-heading-title.elementor-size-medium{font-size:19px}.elementor-widget-heading .elementor-heading-title.elementor-size-large{font-size:29px}.elementor-widget-heading .elementor-heading-title.elementor-size-xl{font-size:39px}.elementor-widget-heading .elementor-heading-title.elementor-size-xxl{font-size:59px}<\/style><div class=\"elementor-heading-title elementor-size-default\">Aviso Legal<\/div>\t\t<\/div>\n\t\t\t\t<\/div>\n\t\t\t\t<div class=\"elementor-element elementor-element-742e635b elementor-widget elementor-widget-spacer\" data-id=\"742e635b\" data-element_type=\"widget\" data-widget_type=\"spacer.default\">\n\t\t\t\t<div class=\"elementor-widget-container\">\n\t\t\t<style>\/*! elementor - v3.14.0 - 26-06-2023 *\/\n.elementor-column .elementor-spacer-inner{height:var(--spacer-size)}.e-con{--container-widget-width:100%}.e-con-inner>.elementor-widget-spacer,.e-con>.elementor-widget-spacer{width:var(--container-widget-width,var(--spacer-size));--align-self:var(--container-widget-align-self,initial);--flex-shrink:0}.e-con-inner>.elementor-widget-spacer>.elementor-widget-container,.e-con-inner>.elementor-widget-spacer>.elementor-widget-container>.elementor-spacer,.e-con>.elementor-widget-spacer>.elementor-widget-container,.e-con>.elementor-widget-spacer>.elementor-widget-container>.elementor-spacer{height:100%}.e-con-inner>.elementor-widget-spacer>.elementor-widget-container>.elementor-spacer>.elementor-spacer-inner,.e-con>.elementor-widget-spacer>.elementor-widget-container>.elementor-spacer>.elementor-spacer-inner{height:var(--container-widget-height,var(--spacer-size))}<\/style>\t\t<div class=\"elementor-spacer\">\n\t\t\t<div class=\"elementor-spacer-inner\"><\/div>\n\t\t<\/div>\n\t\t\t\t<\/div>\n\t\t\t\t<\/div>\n\t\t\t\t\t<\/div>\n\t\t<\/div>\n\t\t\t\t\t\t\t<\/div>\n\t\t<\/section>\n\t\t\t\t<section class=\"elementor-section elementor-top-section elementor-element elementor-element-091f2d7 elementor-section-full_width elementor-section-height-default elementor-section-height-default\" data-id=\"091f2d7\" data-element_type=\"section\">\n\t\t\t\t\t\t<div class=\"elementor-container elementor-column-gap-default\">\n\t\t\t\t\t<div class=\"elementor-column elementor-col-100 elementor-top-column elementor-element elementor-element-6e9c29a\" data-id=\"6e9c29a\" data-element_type=\"column\">\n\t\t\t<div class=\"elementor-widget-wrap elementor-element-populated\">\n\t\t\t\t\t\t\t\t<div class=\"elementor-element elementor-element-3f85024 elementor-widget elementor-widget-heading\" data-id=\"3f85024\" data-element_type=\"widget\" data-widget_type=\"heading.default\">\n\t\t\t\t<div class=\"elementor-widget-container\">\n\t\t\t<div class=\"elementor-heading-title elementor-size-default\">CONDICIONES DE USO<\/div>\t\t<\/div>\n\t\t\t\t<\/div>\n\t\t\t\t<div class=\"elementor-element elementor-element-a38280e elementor-widget elementor-widget-text-editor\" data-id=\"a38280e\" data-element_type=\"widget\" data-widget_type=\"text-editor.default\">\n\t\t\t\t<div class=\"elementor-widget-container\">\n\t\t\t<style>\/*! elementor - v3.14.0 - 26-06-2023 *\/\n.elementor-widget-text-editor.elementor-drop-cap-view-stacked .elementor-drop-cap{background-color:#69727d;color:#fff}.elementor-widget-text-editor.elementor-drop-cap-view-framed .elementor-drop-cap{color:#69727d;border:3px solid;background-color:transparent}.elementor-widget-text-editor:not(.elementor-drop-cap-view-default) .elementor-drop-cap{margin-top:8px}.elementor-widget-text-editor:not(.elementor-drop-cap-view-default) .elementor-drop-cap-letter{width:1em;height:1em}.elementor-widget-text-editor .elementor-drop-cap{float:left;text-align:center;line-height:1;font-size:50px}.elementor-widget-text-editor .elementor-drop-cap-letter{display:inline-block}<\/style>\t\t\t\t<p>En cumplimiento de la Ley 34\/2002, de 11 de julio, de Servicios de la Sociedad de la Informaci\u00f3n y de Comercio Electr\u00f3nico (LSSI-CE), XANGOTINO SL informa que es titular del sitio web http:\/\/aromatarestaurant.com\/. De acuerdo con la exigencia del art\u00edculo 10 de la citada Ley, XANGOTINO SL informa de los siguientes datos:<\/p><p>El titular de este sitio web es XANGOTINO SL, con CIF B57872731 y domicilio social en SANT MIQUEL 125 1\u00ba B 07300, INCA (ILLES BALEARS), inscrita en el Registro Mercantil, en el tomo&#8230;&#8230;&#8230;.., folio &#8230;&#8230;&#8230;.., hoja &#8230;&#8230;&#8230;.. e inscripci\u00f3n &#8230;&#8230;&#8230;&#8230; La direcci\u00f3n de correo electr\u00f3nico de contacto con la empresa es: aromata@andreugenestra.com.<\/p><p><strong>Usuario y r\u00e9gimen de responsabilidades<\/strong><\/p><p>La navegaci\u00f3n, acceso y uso por el sitio web de XANGOTINO SL confiere la condici\u00f3n de usuario, por la que se aceptan, desde la navegaci\u00f3n por el sitio web de XANGOTINO SL, todas las condiciones de uso aqu\u00ed establecidas sin perjuicio de la aplicaci\u00f3n de la correspondiente normativa de obligado cumplimiento legal seg\u00fan el caso.<\/p><p>El sitio web de XANGOTINO SL proporciona gran diversidad de informaci\u00f3n, servicios y datos. El usuario asume su responsabilidad en el uso correcto del sitio web. Esta responsabilidad se extender\u00e1 a:<\/p><ul><li>La veracidad y licitud de las informaciones aportadas por el usuario en los formularios extendidos por XANGOTINO SL para el acceso a ciertos contenidos o servicios ofrecidos por el web.<\/li><li>El uso de la informaci\u00f3n, servicios y datos ofrecidos por XANGOTINO SL contrariamente a lo dispuesto por las presentes condiciones, la Ley, la moral, las buenas costumbres o el orden p\u00fablico, o que de cualquier otro modo puedan suponer lesi\u00f3n de los derechos de terceros o del mismo funcionamiento del sitio web.<\/li><\/ul><p><br \/><strong>Pol\u00edtica de enlaces y exenciones de responsabilidad<\/strong><\/p><p>XANGOTINO SL no se hace responsable del contenido de los sitios web a los que el usuario pueda acceder a trav\u00e9s de los enlaces establecidos en su sitio web y declara que en ning\u00fan caso proceder\u00e1 a examinar o ejercitar ning\u00fan tipo de control sobre el contenido de otros sitios de la red. Asimismo, tampoco garantizar\u00e1 la disponibilidad t\u00e9cnica, exactitud, veracidad, validez o legalidad de sitios ajenos a su propiedad a los que se pueda acceder por medio de los enlaces.<\/p><p>XANGOTINO SL declara haber adoptado todas las medidas necesarias para evitar cualquier da\u00f1o a los usuarios de su sitio web, que pudieran derivarse de la navegaci\u00f3n por su sitio web. En consecuencia, XANGOTINO SL no se hace responsable, en ning\u00fan caso, de los eventuales da\u00f1os que por la navegaci\u00f3n por Internet pudiera sufrir el usuario.<\/p><p><strong>Modificaciones<\/strong><\/p><p>XANGOTINO SL se reserva el derecho a realizar las modificaciones que considere oportunas, sin aviso previo, en el contenido de su sitio web. Tanto en lo referente a los contenidos del sitio web, como en las condiciones de uso del mismo.<\/p><p>Dichas modificaciones podr\u00e1n realizarse a trav\u00e9s de su sitio web por cualquier forma admisible en derecho y ser\u00e1n de obligado cumplimiento durante el tiempo en que se encuentren publicadas en la web y hasta que no sean modificadas v\u00e1lidamente por otras posteriores.<\/p><p><strong>Indicaci\u00f3n de los precios<\/strong><\/p><p>Cada posible servicio ofrecido tendr\u00e1 indicado su precio y si tiene incorporado el IVA o cualquier otro impuesto que, en su caso, sea de aplicaci\u00f3n. Los precios indicados en pantalla ser\u00e1n los vigentes en cada momento salvo error tipogr\u00e1fico.<\/p><p><strong>Protecci\u00f3n de datos<\/strong><\/p><p>De conformidad con lo establecido en la normativa vigente en Protecci\u00f3n de Datos de Car\u00e1cter Personal, le informamos que sus datos ser\u00e1n incorporados al sistema de tratamiento titularidad de XANGOTINO SL con CIF B57872731 y domicilio social sito en SANT MIQUEL 125 1\u00ba B 07300, INCA (ILLES BALEARS), con la finalidad de poder facilitar, agilizar y cumplir los compromisos establecidos entre ambas partes. En cumplimiento con la normativa vigente, XANGOTINO SL informa que los datos ser\u00e1n conservados durante el plazo estrictamente necesario para cumplir con los preceptos mencionados con anterioridad.<\/p><p>Le informamos que trataremos sus datos conforme a la existencia de su consentimiento.<\/p><p>XANGOTINO SL informa que proceder\u00e1 a tratar los datos de manera l\u00edcita, leal, transparente, adecuada, pertinente, limitada, exacta y actualizada. Es por ello que XANGOTINO SL se compromete a adoptar todas las medidas razonables para que estos se supriman o rectifiquen sin dilaci\u00f3n cuando sean inexactos.<\/p><p>De acuerdo con los derechos que le confiere el la normativa vigente en protecci\u00f3n de datos podr\u00e1 ejercer los derechos de acceso, rectificaci\u00f3n, limitaci\u00f3n de tratamiento, supresi\u00f3n, portabilidad y oposici\u00f3n al tratamiento de sus datos de car\u00e1cter personal as\u00ed como del consentimiento prestado para el tratamiento de los mismos, dirigiendo su petici\u00f3n a la direcci\u00f3n postal indicada m\u00e1s arriba o al correo electr\u00f3nico aromata@andreugenestra.com.<\/p><p>Podr\u00e1 dirigirse a la Autoridad de Control competente para presentar la reclamaci\u00f3n que considere oportuna.<\/p><p><strong>Propiedad intelectual e industrial<\/strong><\/p><p>XANGOTINO SL por s\u00ed misma o como cesionaria, es titular de todos los derechos de propiedad intelectual e industrial de su p\u00e1gina web, as\u00ed como de los elementos contenidos en la misma (a t\u00edtulo enunciativo, im\u00e1genes, sonido, audio, v\u00eddeo, software o textos; marcas o logotipos, combinaciones de colores, estructura y dise\u00f1o, selecci\u00f3n de materiales usados, programas de ordenador necesarios para su funcionamiento, acceso y uso, etc.), titularidad de XANGOTINO SL. Ser\u00e1n, por consiguiente, obras protegidas como propiedad intelectual por el ordenamiento jur\u00eddico espa\u00f1ol, si\u00e9ndoles aplicables tanto la normativa espa\u00f1ola y comunitaria en este campo, como los tratados internacionales relativos a la materia y suscritos por Espa\u00f1a.<\/p><p>Todos los derechos reservados. En virtud de lo dispuesto en la Ley de Propiedad Intelectual, quedan expresamente prohibidas la reproducci\u00f3n, la distribuci\u00f3n y la comunicaci\u00f3n p\u00fablica, incluida su modalidad de puesta a disposici\u00f3n, de la totalidad o parte de los contenidos de esta p\u00e1gina web, con fines comerciales, en cualquier soporte y por cualquier medio t\u00e9cnico, sin la autorizaci\u00f3n de XANGOTINO SL.<\/p><p>El usuario se compromete a respetar los derechos de Propiedad Intelectual e Industrial titularidad de XANGOTINO SL. Podr\u00e1 visualizar los elementos del portal e incluso imprimirlos, copiarlos y almacenarlos en el disco duro de su ordenador o en cualquier otro soporte f\u00edsico siempre y cuando sea, \u00fanica y exclusivamente, para su uso personal y privado. El usuario deber\u00e1 abstenerse de suprimir, alterar, eludir o manipular cualquier dispositivo de protecci\u00f3n o sistema de seguridad que estuviera instalado en las p\u00e1ginas de XANGOTINO SL.<\/p><p><strong>Acciones legales, legislaci\u00f3n aplicable y jurisdicci\u00f3n<\/strong><\/p><p>XANGOTINO SL se reserva, asimismo, la facultad de presentar las acciones civiles o penales que considere oportunas por la utilizaci\u00f3n indebida de su sitio web y contenidos, o por el incumplimiento de las presentes condiciones.<br \/>La relaci\u00f3n entre el usuario y el prestador se regir\u00e1 por la normativa vigente y de aplicaci\u00f3n en el territorio espa\u00f1ol. De surgir cualquier controversia las partes podr\u00e1n someter sus conflictos a arbitraje o acudir a la jurisdicci\u00f3n ordinaria cumpliendo con las normas sobre jurisdicci\u00f3n y competencia al respecto. XANGOTINO SL tiene su domicilio en ILLES BALEARS, Espa\u00f1a.<\/p>\t\t\t\t\t\t<\/div>\n\t\t\t\t<\/div>\n\t\t\t\t\t<\/div>\n\t\t<\/div>\n\t\t\t\t\t\t\t<\/div>\n\t\t<\/section>\n\t\t\t\t\t\t\t<\/div>\n\t\t","protected":false},"excerpt":{"rendered":"<p>Aviso Legal CONDICIONES DE USO En cumplimiento de la Ley 34\/2002, de 11 de julio, de Servicios de la Sociedad de la Informaci\u00f3n y de Comercio Electr\u00f3nico (LSSI-CE), XANGOTINO SL informa que es titular del sitio web http:\/\/aromatarestaurant.com\/. De acuerdo con la exigencia del art\u00edculo 10 de la citada Ley, XANGOTINO SL informa de los [&hellip;]<\/p>\n","protected":false},"author":1,"featured_media":0,"parent":0,"menu_order":0,"comment_status":"closed","ping_status":"closed","template":"elementor_header_footer","meta":[],"yoast_head":"<!-- This site is optimized with the Yoast SEO plugin v20.11 - https:\/\/yoast.com\/wordpress\/plugins\/seo\/ -->\n<title>Legal notice | AROMATA Restaurant<\/title>\n<meta name=\"robots\" content=\"index, follow, max-snippet:-1, max-image-preview:large, max-video-preview:-1\" \/>\n<link rel=\"canonical\" href=\"https:\/\/aromatarestaurant.com\/en\/legal-notice\/\" \/>\n<meta property=\"og:locale\" content=\"en_US\" \/>\n<meta property=\"og:type\" content=\"article\" \/>\n<meta property=\"og:title\" content=\"Legal notice | AROMATA Restaurant\" \/>\n<meta property=\"og:description\" content=\"Aviso Legal CONDICIONES DE USO En cumplimiento de la Ley 34\/2002, de 11 de julio, de Servicios de la Sociedad de la Informaci\u00f3n y de Comercio Electr\u00f3nico (LSSI-CE), XANGOTINO SL informa que es titular del sitio web http:\/\/aromatarestaurant.com\/. De acuerdo con la exigencia del art\u00edculo 10 de la citada Ley, XANGOTINO SL informa de los [&hellip;]\" \/>\n<meta property=\"og:url\" content=\"https:\/\/aromatarestaurant.com\/en\/legal-notice\/\" \/>\n<meta property=\"og:site_name\" content=\"Aromata\" \/>\n<meta property=\"article:modified_time\" content=\"2024-12-11T08:06:09+00:00\" \/>\n<meta name=\"twitter:card\" content=\"summary_large_image\" \/>\n<meta name=\"twitter:label1\" content=\"Est. reading time\" \/>\n\t<meta name=\"twitter:data1\" content=\"5 minutes\" \/>\n<script type=\"application\/ld+json\" class=\"yoast-schema-graph\">{\"@context\":\"https:\/\/schema.org\",\"@graph\":[{\"@type\":\"WebPage\",\"@id\":\"https:\/\/aromatarestaurant.com\/en\/legal-notice\/\",\"url\":\"https:\/\/aromatarestaurant.com\/en\/legal-notice\/\",\"name\":\"Legal notice | AROMATA Restaurant\",\"isPartOf\":{\"@id\":\"https:\/\/aromatarestaurant.com\/#website\"},\"datePublished\":\"2023-02-02T11:58:44+00:00\",\"dateModified\":\"2024-12-11T08:06:09+00:00\",\"breadcrumb\":{\"@id\":\"https:\/\/aromatarestaurant.com\/en\/legal-notice\/#breadcrumb\"},\"inLanguage\":\"en-US\",\"potentialAction\":[{\"@type\":\"ReadAction\",\"target\":[\"https:\/\/aromatarestaurant.com\/en\/legal-notice\/\"]}]},{\"@type\":\"BreadcrumbList\",\"@id\":\"https:\/\/aromatarestaurant.com\/en\/legal-notice\/#breadcrumb\",\"itemListElement\":[{\"@type\":\"ListItem\",\"position\":1,\"name\":\"Portada\",\"item\":\"https:\/\/aromatarestaurant.com\/en\/\"},{\"@type\":\"ListItem\",\"position\":2,\"name\":\"Legal Notice\"}]},{\"@type\":\"WebSite\",\"@id\":\"https:\/\/aromatarestaurant.com\/#website\",\"url\":\"https:\/\/aromatarestaurant.com\/\",\"name\":\"Aromata\",\"description\":\"Restaurante en Palma. Estrella Michelin\",\"potentialAction\":[{\"@type\":\"SearchAction\",\"target\":{\"@type\":\"EntryPoint\",\"urlTemplate\":\"https:\/\/aromatarestaurant.com\/?s={search_term_string}\"},\"query-input\":\"required name=search_term_string\"}],\"inLanguage\":\"en-US\"}]}<\/script>\n<!-- \/ Yoast SEO plugin. -->","yoast_head_json":{"title":"Legal notice | AROMATA Restaurant","robots":{"index":"index","follow":"follow","max-snippet":"max-snippet:-1","max-image-preview":"max-image-preview:large","max-video-preview":"max-video-preview:-1"},"canonical":"https:\/\/aromatarestaurant.com\/en\/legal-notice\/","og_locale":"en_US","og_type":"article","og_title":"Legal notice | AROMATA Restaurant","og_description":"Aviso Legal CONDICIONES DE USO En cumplimiento de la Ley 34\/2002, de 11 de julio, de Servicios de la Sociedad de la Informaci\u00f3n y de Comercio Electr\u00f3nico (LSSI-CE), XANGOTINO SL informa que es titular del sitio web http:\/\/aromatarestaurant.com\/. De acuerdo con la exigencia del art\u00edculo 10 de la citada Ley, XANGOTINO SL informa de los [&hellip;]","og_url":"https:\/\/aromatarestaurant.com\/en\/legal-notice\/","og_site_name":"Aromata","article_modified_time":"2024-12-11T08:06:09+00:00","twitter_card":"summary_large_image","twitter_misc":{"Est. reading time":"5 minutes"},"schema":{"@context":"https:\/\/schema.org","@graph":[{"@type":"WebPage","@id":"https:\/\/aromatarestaurant.com\/en\/legal-notice\/","url":"https:\/\/aromatarestaurant.com\/en\/legal-notice\/","name":"Legal notice | AROMATA Restaurant","isPartOf":{"@id":"https:\/\/aromatarestaurant.com\/#website"},"datePublished":"2023-02-02T11:58:44+00:00","dateModified":"2024-12-11T08:06:09+00:00","breadcrumb":{"@id":"https:\/\/aromatarestaurant.com\/en\/legal-notice\/#breadcrumb"},"inLanguage":"en-US","potentialAction":[{"@type":"ReadAction","target":["https:\/\/aromatarestaurant.com\/en\/legal-notice\/"]}]},{"@type":"BreadcrumbList","@id":"https:\/\/aromatarestaurant.com\/en\/legal-notice\/#breadcrumb","itemListElement":[{"@type":"ListItem","position":1,"name":"Portada","item":"https:\/\/aromatarestaurant.com\/en\/"},{"@type":"ListItem","position":2,"name":"Legal Notice"}]},{"@type":"WebSite","@id":"https:\/\/aromatarestaurant.com\/#website","url":"https:\/\/aromatarestaurant.com\/","name":"Aromata","description":"Restaurante en Palma. Estrella Michelin","potentialAction":[{"@type":"SearchAction","target":{"@type":"EntryPoint","urlTemplate":"https:\/\/aromatarestaurant.com\/?s={search_term_string}"},"query-input":"required name=search_term_string"}],"inLanguage":"en-US"}]}},"_links":{"self":[{"href":"https:\/\/aromatarestaurant.com\/en\/wp-json\/wp\/v2\/pages\/3139"}],"collection":[{"href":"https:\/\/aromatarestaurant.com\/en\/wp-json\/wp\/v2\/pages"}],"about":[{"href":"https:\/\/aromatarestaurant.com\/en\/wp-json\/wp\/v2\/types\/page"}],"author":[{"embeddable":true,"href":"https:\/\/aromatarestaurant.com\/en\/wp-json\/wp\/v2\/users\/1"}],"replies":[{"embeddable":true,"href":"https:\/\/aromatarestaurant.com\/en\/wp-json\/wp\/v2\/comments?post=3139"}],"version-history":[{"count":7,"href":"https:\/\/aromatarestaurant.com\/en\/wp-json\/wp\/v2\/pages\/3139\/revisions"}],"predecessor-version":[{"id":4583,"href":"https:\/\/aromatarestaurant.com\/en\/wp-json\/wp\/v2\/pages\/3139\/revisions\/4583"}],"wp:attachment":[{"href":"https:\/\/aromatarestaurant.com\/en\/wp-json\/wp\/v2\/media?parent=3139"}],"curies":[{"name":"wp","href":"https:\/\/api.w.org\/{rel}","templated":true}]}}