{"id":3130,"date":"2023-02-02T11:59:04","date_gmt":"2023-02-02T11:59:04","guid":{"rendered":"https:\/\/aromatarestaurant.com\/terminos-y-condiciones\/"},"modified":"2024-12-11T08:14:14","modified_gmt":"2024-12-11T08:14:14","slug":"terms-and-conditions","status":"publish","type":"page","link":"https:\/\/aromatarestaurant.com\/en\/terms-and-conditions\/","title":{"rendered":"Terms and conditions"},"content":{"rendered":"\t\t<div data-elementor-type=\"wp-page\" data-elementor-id=\"3130\" class=\"elementor elementor-3130 elementor-2386\">\n\t\t\t\t\t\t\t\t\t<section class=\"elementor-section elementor-top-section elementor-element elementor-element-5974503f elementor-section-full_width elementor-section-height-min-height elementor-section-items-bottom elementor-section-height-default\" data-id=\"5974503f\" data-element_type=\"section\" data-settings=\"{&quot;background_background&quot;:&quot;classic&quot;}\">\n\t\t\t\t\t\t\t<div class=\"elementor-background-overlay\"><\/div>\n\t\t\t\t\t\t\t<div class=\"elementor-container elementor-column-gap-default\">\n\t\t\t\t\t<div class=\"elementor-column elementor-col-100 elementor-top-column elementor-element elementor-element-46f8836b\" data-id=\"46f8836b\" data-element_type=\"column\">\n\t\t\t<div class=\"elementor-widget-wrap elementor-element-populated\">\n\t\t\t\t\t\t\t\t<div class=\"elementor-element elementor-element-533564cb elementor-widget elementor-widget-heading\" data-id=\"533564cb\" data-element_type=\"widget\" data-widget_type=\"heading.default\">\n\t\t\t\t<div class=\"elementor-widget-container\">\n\t\t\t<style>\/*! elementor - v3.14.0 - 26-06-2023 *\/\n.elementor-heading-title{padding:0;margin:0;line-height:1}.elementor-widget-heading .elementor-heading-title[class*=elementor-size-]>a{color:inherit;font-size:inherit;line-height:inherit}.elementor-widget-heading .elementor-heading-title.elementor-size-small{font-size:15px}.elementor-widget-heading .elementor-heading-title.elementor-size-medium{font-size:19px}.elementor-widget-heading .elementor-heading-title.elementor-size-large{font-size:29px}.elementor-widget-heading .elementor-heading-title.elementor-size-xl{font-size:39px}.elementor-widget-heading .elementor-heading-title.elementor-size-xxl{font-size:59px}<\/style><div class=\"elementor-heading-title elementor-size-default\">T\u00e9rminos y condiciones<\/div>\t\t<\/div>\n\t\t\t\t<\/div>\n\t\t\t\t<div class=\"elementor-element elementor-element-742e635b elementor-widget elementor-widget-spacer\" data-id=\"742e635b\" data-element_type=\"widget\" data-widget_type=\"spacer.default\">\n\t\t\t\t<div class=\"elementor-widget-container\">\n\t\t\t<style>\/*! elementor - v3.14.0 - 26-06-2023 *\/\n.elementor-column .elementor-spacer-inner{height:var(--spacer-size)}.e-con{--container-widget-width:100%}.e-con-inner>.elementor-widget-spacer,.e-con>.elementor-widget-spacer{width:var(--container-widget-width,var(--spacer-size));--align-self:var(--container-widget-align-self,initial);--flex-shrink:0}.e-con-inner>.elementor-widget-spacer>.elementor-widget-container,.e-con-inner>.elementor-widget-spacer>.elementor-widget-container>.elementor-spacer,.e-con>.elementor-widget-spacer>.elementor-widget-container,.e-con>.elementor-widget-spacer>.elementor-widget-container>.elementor-spacer{height:100%}.e-con-inner>.elementor-widget-spacer>.elementor-widget-container>.elementor-spacer>.elementor-spacer-inner,.e-con>.elementor-widget-spacer>.elementor-widget-container>.elementor-spacer>.elementor-spacer-inner{height:var(--container-widget-height,var(--spacer-size))}<\/style>\t\t<div class=\"elementor-spacer\">\n\t\t\t<div class=\"elementor-spacer-inner\"><\/div>\n\t\t<\/div>\n\t\t\t\t<\/div>\n\t\t\t\t<\/div>\n\t\t\t\t\t<\/div>\n\t\t<\/div>\n\t\t\t\t\t\t\t<\/div>\n\t\t<\/section>\n\t\t\t\t<section class=\"elementor-section elementor-top-section elementor-element elementor-element-9204e53 elementor-section-full_width elementor-section-height-default elementor-section-height-default\" data-id=\"9204e53\" data-element_type=\"section\">\n\t\t\t\t\t\t<div class=\"elementor-container elementor-column-gap-default\">\n\t\t\t\t\t<div class=\"elementor-column elementor-col-100 elementor-top-column elementor-element elementor-element-8fdaaa8\" data-id=\"8fdaaa8\" data-element_type=\"column\">\n\t\t\t<div class=\"elementor-widget-wrap elementor-element-populated\">\n\t\t\t\t\t\t\t\t<div class=\"elementor-element elementor-element-903b98b elementor-widget elementor-widget-heading\" data-id=\"903b98b\" data-element_type=\"widget\" data-widget_type=\"heading.default\">\n\t\t\t\t<div class=\"elementor-widget-container\">\n\t\t\t<div class=\"elementor-heading-title elementor-size-default\">CONDICIONES GENERALES DE RESERVA<\/div>\t\t<\/div>\n\t\t\t\t<\/div>\n\t\t\t\t<div class=\"elementor-element elementor-element-2f2ccfd elementor-widget elementor-widget-text-editor\" data-id=\"2f2ccfd\" data-element_type=\"widget\" data-widget_type=\"text-editor.default\">\n\t\t\t\t<div class=\"elementor-widget-container\">\n\t\t\t<style>\/*! elementor - v3.14.0 - 26-06-2023 *\/\n.elementor-widget-text-editor.elementor-drop-cap-view-stacked .elementor-drop-cap{background-color:#69727d;color:#fff}.elementor-widget-text-editor.elementor-drop-cap-view-framed .elementor-drop-cap{color:#69727d;border:3px solid;background-color:transparent}.elementor-widget-text-editor:not(.elementor-drop-cap-view-default) .elementor-drop-cap{margin-top:8px}.elementor-widget-text-editor:not(.elementor-drop-cap-view-default) .elementor-drop-cap-letter{width:1em;height:1em}.elementor-widget-text-editor .elementor-drop-cap{float:left;text-align:center;line-height:1;font-size:50px}.elementor-widget-text-editor .elementor-drop-cap-letter{display:inline-block}<\/style>\t\t\t\t<p><strong>Informaci\u00f3n previa a la reserva<\/strong><\/p><p>Las presentes Condiciones Generales de Reserva (en adelante Condiciones Generales) regular\u00e1n la relaci\u00f3n comercial que surja entre XANGOTINO SL y el usuario o cliente por la contrataci\u00f3n realizada a trav\u00e9s de los formularios que XANGOTINO SL pone a su disposici\u00f3n en su http:\/\/aromatarestaurant.com.<\/p><p>La reserva a trav\u00e9s de los sitios web de XANGOTINO SL supondr\u00e1 la aceptaci\u00f3n expresa, por el cliente o usuario de las p\u00e1ginas, de estas condiciones, como tambi\u00e9n de las condiciones de uso establecidas para la navegaci\u00f3n del usuario por las p\u00e1ginas propiedad de XANGOTINO SL.<\/p><p>Estas condiciones ser\u00e1n de aplicaci\u00f3n sin perjuicio de la aplicaci\u00f3n de las normas legales sobre la materia que sean de aplicaci\u00f3n para cada caso.<\/p><p>Las condiciones Generales de Contrataci\u00f3n regulan la relaci\u00f3n de reserva a distancia entre XANGOTINO SL y el usuario o cliente, de acuerdo con las estipulaciones legales, en especial, la Ley 7\/1998, de 13 de abril, sobre Condiciones Generales de Contrataci\u00f3n, la Ley 3\/2014, de 27 de marzo por la que se modifica el texto refundido de la Ley General para la Defensa de los consumidores y Usuarios, Ley Org\u00e1nica 3\/2018, de 5 de diciembre, de Protecci\u00f3n de Datos Personales y garant\u00eda de los derechos digitales, Reglamento General de Protecci\u00f3n de Datos (UE) 2016\/679, la Ley 7\/1996, de 15 de enero de Ordenaci\u00f3n del Comercio Minorista, y a la Ley 34\/2002 de 11 de julio, de Servicios de la Sociedad de la Informaci\u00f3n y de Comercio Electr\u00f3nico.<\/p><p>XANGOTINO SL se reserva el derecho a realizar las modificaciones que considere oportunas, sin aviso previo, en las Condiciones Generales. Dichas modificaciones podr\u00e1n realizarse, a trav\u00e9s de sus websites, por cualquier forma admisible en derecho y ser\u00e1n de obligado cumplimiento durante el tiempo en que se encuentren publicadas en la web y hasta que no sean modificadas v\u00e1lidamente por otras posteriores. No obstante, XANGOTINO SL se reserva el derecho de aplicar, en determinados casos, unas Condiciones Particulares de Contrataci\u00f3n con preferencia a las presentes Condiciones Generales cuando lo considerara oportuno, anunci\u00e1ndolas en tiempo y forma oportunos.<\/p><p>Todos los contenidos de la web est\u00e1n en espa\u00f1ol.<\/p><p>XANGOTINO SL informa que el procedimiento de reserva a trav\u00e9s de sus p\u00e1ginas web viene detallado en el apartado correspondiente para la formalizaci\u00f3n de la reserva.<\/p><p>Asimismo, XANGOTINO SL informa que el usuario puede tener acceso a las condiciones de uso que dispone en la misma web.<\/p><p>Por la reserva con XANGOTINO SL a trav\u00e9s de su website, el usuario o cliente declara expresamente conocer, entender y aceptar dichas condiciones de uso y las Condiciones Generales. Del mismo modo el usuario declara ser mayor de edad y tener la capacidad jur\u00eddica y de obrar necesaria para el acceso a los sitios web de XANGOTINO SL y la contrataci\u00f3n por medio de los mismos. El usuario se hace responsable de tratar confidencial y responsablemente la identidad y contrase\u00f1a obtenidas en el registro como cliente, no pudiendo cederlas a otro.<\/p><p>Una vez efectuada la reserva el usuario visualizar\u00e1 la confirmaci\u00f3n de su reserva en pantalla, pudiendo imprimir \u00e9sta como comprobante de la reserva efectuada.<\/p><p>La confirmaci\u00f3n de reserva y el comprobante de la reserva (impresi\u00f3n que hace el usuario) no tendr\u00e1n validez como factura.<\/p>\t\t\t\t\t\t<\/div>\n\t\t\t\t<\/div>\n\t\t\t\t\t<\/div>\n\t\t<\/div>\n\t\t\t\t\t\t\t<\/div>\n\t\t<\/section>\n\t\t\t\t\t\t\t<\/div>\n\t\t","protected":false},"excerpt":{"rendered":"<p>T\u00e9rminos y condiciones CONDICIONES GENERALES DE RESERVA Informaci\u00f3n previa a la reserva Las presentes Condiciones Generales de Reserva (en adelante Condiciones Generales) regular\u00e1n la relaci\u00f3n comercial que surja entre XANGOTINO SL y el usuario o cliente por la contrataci\u00f3n realizada a trav\u00e9s de los formularios que XANGOTINO SL pone a su disposici\u00f3n en su http:\/\/aromatarestaurant.com. [&hellip;]<\/p>\n","protected":false},"author":1,"featured_media":0,"parent":0,"menu_order":0,"comment_status":"closed","ping_status":"closed","template":"elementor_header_footer","meta":[],"yoast_head":"<!-- This site is optimized with the Yoast SEO plugin v20.11 - https:\/\/yoast.com\/wordpress\/plugins\/seo\/ -->\n<title>Terms and conditions | AROMATA Restaurant<\/title>\n<meta name=\"robots\" content=\"index, follow, max-snippet:-1, max-image-preview:large, max-video-preview:-1\" \/>\n<link rel=\"canonical\" href=\"https:\/\/aromatarestaurant.com\/en\/terms-and-conditions\/\" \/>\n<meta property=\"og:locale\" content=\"en_US\" \/>\n<meta property=\"og:type\" content=\"article\" \/>\n<meta property=\"og:title\" content=\"Terms and conditions | AROMATA Restaurant\" \/>\n<meta property=\"og:description\" content=\"T\u00e9rminos y condiciones CONDICIONES GENERALES DE RESERVA Informaci\u00f3n previa a la reserva Las presentes Condiciones Generales de Reserva (en adelante Condiciones Generales) regular\u00e1n la relaci\u00f3n comercial que surja entre XANGOTINO SL y el usuario o cliente por la contrataci\u00f3n realizada a trav\u00e9s de los formularios que XANGOTINO SL pone a su disposici\u00f3n en su http:\/\/aromatarestaurant.com. [&hellip;]\" \/>\n<meta property=\"og:url\" content=\"https:\/\/aromatarestaurant.com\/en\/terms-and-conditions\/\" \/>\n<meta property=\"og:site_name\" content=\"Aromata\" \/>\n<meta property=\"article:modified_time\" content=\"2024-12-11T08:14:14+00:00\" \/>\n<meta name=\"twitter:card\" content=\"summary_large_image\" \/>\n<meta name=\"twitter:label1\" content=\"Est. reading time\" \/>\n\t<meta name=\"twitter:data1\" content=\"3 minutes\" \/>\n<script type=\"application\/ld+json\" class=\"yoast-schema-graph\">{\"@context\":\"https:\/\/schema.org\",\"@graph\":[{\"@type\":\"WebPage\",\"@id\":\"https:\/\/aromatarestaurant.com\/en\/terms-and-conditions\/\",\"url\":\"https:\/\/aromatarestaurant.com\/en\/terms-and-conditions\/\",\"name\":\"Terms and conditions | AROMATA Restaurant\",\"isPartOf\":{\"@id\":\"https:\/\/aromatarestaurant.com\/#website\"},\"datePublished\":\"2023-02-02T11:59:04+00:00\",\"dateModified\":\"2024-12-11T08:14:14+00:00\",\"breadcrumb\":{\"@id\":\"https:\/\/aromatarestaurant.com\/en\/terms-and-conditions\/#breadcrumb\"},\"inLanguage\":\"en-US\",\"potentialAction\":[{\"@type\":\"ReadAction\",\"target\":[\"https:\/\/aromatarestaurant.com\/en\/terms-and-conditions\/\"]}]},{\"@type\":\"BreadcrumbList\",\"@id\":\"https:\/\/aromatarestaurant.com\/en\/terms-and-conditions\/#breadcrumb\",\"itemListElement\":[{\"@type\":\"ListItem\",\"position\":1,\"name\":\"Portada\",\"item\":\"https:\/\/aromatarestaurant.com\/en\/\"},{\"@type\":\"ListItem\",\"position\":2,\"name\":\"Terms and conditions\"}]},{\"@type\":\"WebSite\",\"@id\":\"https:\/\/aromatarestaurant.com\/#website\",\"url\":\"https:\/\/aromatarestaurant.com\/\",\"name\":\"Aromata\",\"description\":\"Restaurante en Palma. Estrella Michelin\",\"potentialAction\":[{\"@type\":\"SearchAction\",\"target\":{\"@type\":\"EntryPoint\",\"urlTemplate\":\"https:\/\/aromatarestaurant.com\/?s={search_term_string}\"},\"query-input\":\"required name=search_term_string\"}],\"inLanguage\":\"en-US\"}]}<\/script>\n<!-- \/ Yoast SEO plugin. -->","yoast_head_json":{"title":"Terms and conditions | AROMATA Restaurant","robots":{"index":"index","follow":"follow","max-snippet":"max-snippet:-1","max-image-preview":"max-image-preview:large","max-video-preview":"max-video-preview:-1"},"canonical":"https:\/\/aromatarestaurant.com\/en\/terms-and-conditions\/","og_locale":"en_US","og_type":"article","og_title":"Terms and conditions | AROMATA Restaurant","og_description":"T\u00e9rminos y condiciones CONDICIONES GENERALES DE RESERVA Informaci\u00f3n previa a la reserva Las presentes Condiciones Generales de Reserva (en adelante Condiciones Generales) regular\u00e1n la relaci\u00f3n comercial que surja entre XANGOTINO SL y el usuario o cliente por la contrataci\u00f3n realizada a trav\u00e9s de los formularios que XANGOTINO SL pone a su disposici\u00f3n en su http:\/\/aromatarestaurant.com. [&hellip;]","og_url":"https:\/\/aromatarestaurant.com\/en\/terms-and-conditions\/","og_site_name":"Aromata","article_modified_time":"2024-12-11T08:14:14+00:00","twitter_card":"summary_large_image","twitter_misc":{"Est. reading time":"3 minutes"},"schema":{"@context":"https:\/\/schema.org","@graph":[{"@type":"WebPage","@id":"https:\/\/aromatarestaurant.com\/en\/terms-and-conditions\/","url":"https:\/\/aromatarestaurant.com\/en\/terms-and-conditions\/","name":"Terms and conditions | AROMATA Restaurant","isPartOf":{"@id":"https:\/\/aromatarestaurant.com\/#website"},"datePublished":"2023-02-02T11:59:04+00:00","dateModified":"2024-12-11T08:14:14+00:00","breadcrumb":{"@id":"https:\/\/aromatarestaurant.com\/en\/terms-and-conditions\/#breadcrumb"},"inLanguage":"en-US","potentialAction":[{"@type":"ReadAction","target":["https:\/\/aromatarestaurant.com\/en\/terms-and-conditions\/"]}]},{"@type":"BreadcrumbList","@id":"https:\/\/aromatarestaurant.com\/en\/terms-and-conditions\/#breadcrumb","itemListElement":[{"@type":"ListItem","position":1,"name":"Portada","item":"https:\/\/aromatarestaurant.com\/en\/"},{"@type":"ListItem","position":2,"name":"Terms and conditions"}]},{"@type":"WebSite","@id":"https:\/\/aromatarestaurant.com\/#website","url":"https:\/\/aromatarestaurant.com\/","name":"Aromata","description":"Restaurante en Palma. Estrella Michelin","potentialAction":[{"@type":"SearchAction","target":{"@type":"EntryPoint","urlTemplate":"https:\/\/aromatarestaurant.com\/?s={search_term_string}"},"query-input":"required name=search_term_string"}],"inLanguage":"en-US"}]}},"_links":{"self":[{"href":"https:\/\/aromatarestaurant.com\/en\/wp-json\/wp\/v2\/pages\/3130"}],"collection":[{"href":"https:\/\/aromatarestaurant.com\/en\/wp-json\/wp\/v2\/pages"}],"about":[{"href":"https:\/\/aromatarestaurant.com\/en\/wp-json\/wp\/v2\/types\/page"}],"author":[{"embeddable":true,"href":"https:\/\/aromatarestaurant.com\/en\/wp-json\/wp\/v2\/users\/1"}],"replies":[{"embeddable":true,"href":"https:\/\/aromatarestaurant.com\/en\/wp-json\/wp\/v2\/comments?post=3130"}],"version-history":[{"count":4,"href":"https:\/\/aromatarestaurant.com\/en\/wp-json\/wp\/v2\/pages\/3130\/revisions"}],"predecessor-version":[{"id":4610,"href":"https:\/\/aromatarestaurant.com\/en\/wp-json\/wp\/v2\/pages\/3130\/revisions\/4610"}],"wp:attachment":[{"href":"https:\/\/aromatarestaurant.com\/en\/wp-json\/wp\/v2\/media?parent=3130"}],"curies":[{"name":"wp","href":"https:\/\/api.w.org\/{rel}","templated":true}]}}