{"id":3788,"date":"2023-11-10T08:37:01","date_gmt":"2023-11-10T08:37:01","guid":{"rendered":"https:\/\/aromatarestaurant.com\/christmas-new-years-eve-menus\/"},"modified":"2023-11-17T09:33:40","modified_gmt":"2023-11-17T09:33:40","slug":"christmas-new-years-eve-menus","status":"publish","type":"page","link":"https:\/\/aromatarestaurant.com\/de\/christmas-new-years-eve-menus\/","title":{"rendered":"Aromata Special Christmas"},"content":{"rendered":"\t\t<div data-elementor-type=\"wp-page\" data-elementor-id=\"3788\" class=\"elementor elementor-3788 elementor-3726\">\n\t\t\t\t\t\t\t\t\t<section class=\"elementor-section elementor-top-section elementor-element elementor-element-77c8326 elementor-section-full_width elementor-section-height-min-height elementor-section-items-bottom elementor-section-height-default\" data-id=\"77c8326\" data-element_type=\"section\" data-settings=\"{&quot;background_background&quot;:&quot;classic&quot;}\">\n\t\t\t\t\t\t\t<div class=\"elementor-background-overlay\"><\/div>\n\t\t\t\t\t\t\t<div class=\"elementor-container elementor-column-gap-default\">\n\t\t\t\t\t<div class=\"elementor-column elementor-col-100 elementor-top-column elementor-element elementor-element-9cf6ee8\" data-id=\"9cf6ee8\" data-element_type=\"column\">\n\t\t\t<div class=\"elementor-widget-wrap elementor-element-populated\">\n\t\t\t\t\t\t\t\t<div class=\"elementor-element elementor-element-be63ddf elementor-widget elementor-widget-heading\" data-id=\"be63ddf\" data-element_type=\"widget\" data-widget_type=\"heading.default\">\n\t\t\t\t<div class=\"elementor-widget-container\">\n\t\t\t<style>\/*! elementor - v3.14.0 - 26-06-2023 *\/\n.elementor-heading-title{padding:0;margin:0;line-height:1}.elementor-widget-heading .elementor-heading-title[class*=elementor-size-]>a{color:inherit;font-size:inherit;line-height:inherit}.elementor-widget-heading .elementor-heading-title.elementor-size-small{font-size:15px}.elementor-widget-heading .elementor-heading-title.elementor-size-medium{font-size:19px}.elementor-widget-heading .elementor-heading-title.elementor-size-large{font-size:29px}.elementor-widget-heading .elementor-heading-title.elementor-size-xl{font-size:39px}.elementor-widget-heading .elementor-heading-title.elementor-size-xxl{font-size:59px}<\/style><div class=\"elementor-heading-title elementor-size-default\">Aromata <i>Special Christmas<\/i><\/div>\t\t<\/div>\n\t\t\t\t<\/div>\n\t\t\t\t<div class=\"elementor-element elementor-element-c8c2835 elementor-widget elementor-widget-spacer\" data-id=\"c8c2835\" data-element_type=\"widget\" data-widget_type=\"spacer.default\">\n\t\t\t\t<div class=\"elementor-widget-container\">\n\t\t\t<style>\/*! elementor - v3.14.0 - 26-06-2023 *\/\n.elementor-column .elementor-spacer-inner{height:var(--spacer-size)}.e-con{--container-widget-width:100%}.e-con-inner>.elementor-widget-spacer,.e-con>.elementor-widget-spacer{width:var(--container-widget-width,var(--spacer-size));--align-self:var(--container-widget-align-self,initial);--flex-shrink:0}.e-con-inner>.elementor-widget-spacer>.elementor-widget-container,.e-con-inner>.elementor-widget-spacer>.elementor-widget-container>.elementor-spacer,.e-con>.elementor-widget-spacer>.elementor-widget-container,.e-con>.elementor-widget-spacer>.elementor-widget-container>.elementor-spacer{height:100%}.e-con-inner>.elementor-widget-spacer>.elementor-widget-container>.elementor-spacer>.elementor-spacer-inner,.e-con>.elementor-widget-spacer>.elementor-widget-container>.elementor-spacer>.elementor-spacer-inner{height:var(--container-widget-height,var(--spacer-size))}<\/style>\t\t<div class=\"elementor-spacer\">\n\t\t\t<div class=\"elementor-spacer-inner\"><\/div>\n\t\t<\/div>\n\t\t\t\t<\/div>\n\t\t\t\t<\/div>\n\t\t\t\t\t<\/div>\n\t\t<\/div>\n\t\t\t\t\t\t\t<\/div>\n\t\t<\/section>\n\t\t\t\t<section class=\"elementor-section elementor-top-section elementor-element elementor-element-67be70e elementor-section-boxed elementor-section-height-default elementor-section-height-default\" data-id=\"67be70e\" data-element_type=\"section\">\n\t\t\t\t\t\t<div class=\"elementor-container elementor-column-gap-default\">\n\t\t\t\t\t<div class=\"elementor-column elementor-col-100 elementor-top-column elementor-element elementor-element-d4676e8\" data-id=\"d4676e8\" data-element_type=\"column\">\n\t\t\t<div class=\"elementor-widget-wrap elementor-element-populated\">\n\t\t\t\t\t\t\t\t<div class=\"elementor-element elementor-element-8f89b62 elementor-widget elementor-widget-text-editor\" data-id=\"8f89b62\" data-element_type=\"widget\" data-widget_type=\"text-editor.default\">\n\t\t\t\t<div class=\"elementor-widget-container\">\n\t\t\t<style>\/*! elementor - v3.14.0 - 26-06-2023 *\/\n.elementor-widget-text-editor.elementor-drop-cap-view-stacked .elementor-drop-cap{background-color:#69727d;color:#fff}.elementor-widget-text-editor.elementor-drop-cap-view-framed .elementor-drop-cap{color:#69727d;border:3px solid;background-color:transparent}.elementor-widget-text-editor:not(.elementor-drop-cap-view-default) .elementor-drop-cap{margin-top:8px}.elementor-widget-text-editor:not(.elementor-drop-cap-view-default) .elementor-drop-cap-letter{width:1em;height:1em}.elementor-widget-text-editor .elementor-drop-cap{float:left;text-align:center;line-height:1;font-size:50px}.elementor-widget-text-editor .elementor-drop-cap-letter{display:inline-block}<\/style>\t\t\t\t<p style=\"text-align: center;\">The most special dates of the year are here, and in our restaurant we are already prepared so that you can enjoy them and share them with us, but if you prefer to enjoy these festive dates with &#8216;Aromata&#8217; at home, reserve your <strong><a href=\"https:\/\/aromatarestaurant.com\/wp-content\/uploads\/2023\/11\/aromata-takeaway-navidad-web.pdf\" target=\"_blank\" rel=\"noopener\">Take Away menu<\/a><\/strong>.<\/p>\t\t\t\t\t\t<\/div>\n\t\t\t\t<\/div>\n\t\t\t\t\t<\/div>\n\t\t<\/div>\n\t\t\t\t\t\t\t<\/div>\n\t\t<\/section>\n\t\t\t\t<section class=\"elementor-section elementor-top-section elementor-element elementor-element-b339d96 elementor-section-boxed elementor-section-height-default elementor-section-height-default\" data-id=\"b339d96\" data-element_type=\"section\" data-settings=\"{&quot;background_background&quot;:&quot;classic&quot;}\">\n\t\t\t\t\t\t<div class=\"elementor-container elementor-column-gap-custom\">\n\t\t\t\t\t<div class=\"elementor-column elementor-col-50 elementor-top-column elementor-element elementor-element-45258bc\" data-id=\"45258bc\" data-element_type=\"column\" data-settings=\"{&quot;background_background&quot;:&quot;classic&quot;}\">\n\t\t\t<div class=\"elementor-widget-wrap elementor-element-populated\">\n\t\t\t\t\t\t\t\t<section class=\"elementor-section elementor-inner-section elementor-element elementor-element-3ced29b elementor-section-boxed elementor-section-height-default elementor-section-height-default\" data-id=\"3ced29b\" data-element_type=\"section\">\n\t\t\t\t\t\t<div class=\"elementor-container elementor-column-gap-custom\">\n\t\t\t\t\t<div class=\"elementor-column elementor-col-100 elementor-inner-column elementor-element elementor-element-59d8002\" data-id=\"59d8002\" data-element_type=\"column\" data-settings=\"{&quot;background_background&quot;:&quot;gradient&quot;}\">\n\t\t\t<div class=\"elementor-widget-wrap elementor-element-populated\">\n\t\t\t\t\t\t\t\t<div class=\"elementor-element elementor-element-35f3a7b elementor-widget elementor-widget-spacer\" data-id=\"35f3a7b\" data-element_type=\"widget\" data-widget_type=\"spacer.default\">\n\t\t\t\t<div class=\"elementor-widget-container\">\n\t\t\t\t\t<div class=\"elementor-spacer\">\n\t\t\t<div class=\"elementor-spacer-inner\"><\/div>\n\t\t<\/div>\n\t\t\t\t<\/div>\n\t\t\t\t<\/div>\n\t\t\t\t<div class=\"elementor-element elementor-element-4670dbe elementor-widget elementor-widget-heading\" data-id=\"4670dbe\" data-element_type=\"widget\" data-widget_type=\"heading.default\">\n\t\t\t\t<div class=\"elementor-widget-container\">\n\t\t\t<div class=\"elementor-heading-title elementor-size-default\">Men\u00fa para Grupos<\/div>\t\t<\/div>\n\t\t\t\t<\/div>\n\t\t\t\t<div class=\"elementor-element elementor-element-7444447 elementor-widget elementor-widget-text-editor\" data-id=\"7444447\" data-element_type=\"widget\" data-widget_type=\"text-editor.default\">\n\t\t\t\t<div class=\"elementor-widget-container\">\n\t\t\t\t\t\t\t<p>(for groups of a <strong>minimum of 8 people<\/strong>)<\/p>\t\t\t\t\t\t<\/div>\n\t\t\t\t<\/div>\n\t\t\t\t<div class=\"elementor-element elementor-element-fd2a6f6 elementor-widget elementor-widget-text-editor\" data-id=\"fd2a6f6\" data-element_type=\"widget\" data-widget_type=\"text-editor.default\">\n\t\t\t\t<div class=\"elementor-widget-container\">\n\t\t\t\t\t\t\t<p><strong>Snacks<\/strong><br \/>Sopa fr\u00eda de ajoblanco con pistacho y tartar de at\u00fan<br \/><em>\u201cAjoblanco\u201d cold soup with pistachio and tuna tartar<\/em><\/p><p>Berenjena frita con crema de ma\u00edz y arroz de tomate de ramillete<br \/><em>Fried aubergine with corn cream and \u201cramillete\u201d tomato rice<\/em><\/p><p>Lubina a la brasa, gazpachuelo y tumbet<br \/><em>Seabass, \u201cgazpachuelo\u201d and tumbet\u201d<\/em><\/p><p>Cochinillo de Porc Negre o Solomillo brasa con cebollas, patata e higos<br \/><em>\u201cPorc Negre\u201d Suckling Pig or Sirloin steak with onions, potato and figs<\/em><\/p><p>Manzana asada con helado de t\u00e9 anisado<br \/><em>Roasted apple with anise tea ice cream<\/em><\/p><p>Pannacotta de palomitas y helado de chocolate amargo<br \/><em>Pop corn pannacotta with dark chocolate ice cream<\/em><\/p><p><strong>Opci\u00f3n 3 pasos<\/strong> (Entrante, Principal y Postre): <strong>48,00\u20ac<\/strong><br \/><strong>Opci\u00f3n 4 pasos<\/strong> (Entrante, 2 Principales y Postre): <strong>60,00\u20ac<\/strong><\/p><p>PAQUETE BEBIDA<br \/><strong>VINOS AROMATA \u00b7 25 euros*<\/strong><br \/>GENESTRAL BLANC 2022 (Armero i Adrover Viticultors &#8211; Prensal, Viognier y Gir\u00f3)<br \/>GENESTRAL NEGRE 2018 (Armero i Adrover Viticultors &#8211; Cabernet, Callet y Syrah)<\/p><p><strong>VINOS MALLORCA \u00b7 35 euros*<\/strong><br \/>RAC\u00d3 FRED 2022 (Mortitx &#8211; Malvasia, Gir\u00f3 Ros y Chardonnay)<br \/>SI\u00d3 NEGRE 2020 (Ribas &#8211; Mantonegro, Cabernet, Merlot y Syrah)<\/p><p><strong>VINOS ESPA\u00d1A \u00b7 45 euro*<\/strong><br \/>OSSIAN 2020 (Ossian &#8211; Verdejo)<br \/>AALTO 2020 (Aalto &#8211; Tempranillo)<\/p><p>* Incluye una botella de vino cada cuatro personas, una botella de agua cada dos, cerveza \u201cRosa Blanca\u201d y vermut de la casa \u201cVermu-da\u201d como aperitivo.<\/p>\t\t\t\t\t\t<\/div>\n\t\t\t\t<\/div>\n\t\t\t\t<div class=\"elementor-element elementor-element-664b2bd elementor-align-center elementor-widget elementor-widget-button\" data-id=\"664b2bd\" data-element_type=\"widget\" data-widget_type=\"button.default\">\n\t\t\t\t<div class=\"elementor-widget-container\">\n\t\t\t\t\t<div class=\"elementor-button-wrapper\">\n\t\t\t<a class=\"elementor-button elementor-button-link elementor-size-sm\" href=\"https:\/\/aromatarestaurant.com\/wp-content\/uploads\/2023\/11\/aromata-proposta-grups.pdf\" target=\"_blank\">\n\t\t\t\t\t\t<span class=\"elementor-button-content-wrapper\">\n\t\t\t\t\t\t<span class=\"elementor-button-text\">DOWNLOAD MENU<\/span>\n\t\t<\/span>\n\t\t\t\t\t<\/a>\n\t\t<\/div>\n\t\t\t\t<\/div>\n\t\t\t\t<\/div>\n\t\t\t\t\t<\/div>\n\t\t<\/div>\n\t\t\t\t\t\t\t<\/div>\n\t\t<\/section>\n\t\t\t\t\t<\/div>\n\t\t<\/div>\n\t\t\t\t<div class=\"elementor-column elementor-col-50 elementor-top-column elementor-element elementor-element-0fd9af2\" data-id=\"0fd9af2\" data-element_type=\"column\" data-settings=\"{&quot;background_background&quot;:&quot;classic&quot;}\">\n\t\t\t<div class=\"elementor-widget-wrap elementor-element-populated\">\n\t\t\t\t\t<div class=\"elementor-background-overlay\"><\/div>\n\t\t\t\t\t\t\t\t<section class=\"elementor-section elementor-inner-section elementor-element elementor-element-5d38d1a elementor-section-boxed elementor-section-height-default elementor-section-height-default\" data-id=\"5d38d1a\" data-element_type=\"section\">\n\t\t\t\t\t\t<div class=\"elementor-container elementor-column-gap-custom\">\n\t\t\t\t\t<div class=\"elementor-column elementor-col-100 elementor-inner-column elementor-element elementor-element-2584eee\" data-id=\"2584eee\" data-element_type=\"column\" data-settings=\"{&quot;background_background&quot;:&quot;gradient&quot;}\">\n\t\t\t<div class=\"elementor-widget-wrap elementor-element-populated\">\n\t\t\t\t\t\t\t\t<div class=\"elementor-element elementor-element-e64a71c elementor-widget elementor-widget-spacer\" data-id=\"e64a71c\" data-element_type=\"widget\" data-widget_type=\"spacer.default\">\n\t\t\t\t<div class=\"elementor-widget-container\">\n\t\t\t\t\t<div class=\"elementor-spacer\">\n\t\t\t<div class=\"elementor-spacer-inner\"><\/div>\n\t\t<\/div>\n\t\t\t\t<\/div>\n\t\t\t\t<\/div>\n\t\t\t\t<div class=\"elementor-element elementor-element-468eb07 elementor-widget elementor-widget-heading\" data-id=\"468eb07\" data-element_type=\"widget\" data-widget_type=\"heading.default\">\n\t\t\t\t<div class=\"elementor-widget-container\">\n\t\t\t<div class=\"elementor-heading-title elementor-size-default\">New Year's<br>Eve Menu<\/div>\t\t<\/div>\n\t\t\t\t<\/div>\n\t\t\t\t<div class=\"elementor-element elementor-element-150732e elementor-widget elementor-widget-spacer\" data-id=\"150732e\" data-element_type=\"widget\" data-widget_type=\"spacer.default\">\n\t\t\t\t<div class=\"elementor-widget-container\">\n\t\t\t\t\t<div class=\"elementor-spacer\">\n\t\t\t<div class=\"elementor-spacer-inner\"><\/div>\n\t\t<\/div>\n\t\t\t\t<\/div>\n\t\t\t\t<\/div>\n\t\t\t\t<div class=\"elementor-element elementor-element-afe437f elementor-widget elementor-widget-text-editor\" data-id=\"afe437f\" data-element_type=\"widget\" data-widget_type=\"text-editor.default\">\n\t\t\t\t<div class=\"elementor-widget-container\">\n\t\t\t\t\t\t\t<p>Flan de trufa y macadamia<br \/><em>Truffle flan and macadamian nuts<\/em><\/p><p>Bu\u00f1elo de navaja y hoisin<br \/><em>Razor clams fritter and hoisin<\/em><\/p><p>Ostra \u201cDaniel Sorlut\u201d al champagne con miglionette<br \/><em>\u201cDaniel Sorlut\u201d oyster with champagne and miglionette<\/em><br \/>RUINART, RUINART BRUT<\/p><p>Carpaccio de Carabinero y fresa asada al bals\u00e1mico<br \/><em>Scarlet shrip carpaccio and roasted strawberry with balsamic<\/em><br \/>MARQU\u00c9S DE MURRIETA, PRIMER ROS\u00c9 2022<\/p><p>Yema de Huevo, guisante l\u00e1grima y jam\u00f3n ib\u00e9rico<br \/><em>Egg yolk, tear peas and ibearian ham<\/em><br \/>CASTELL D\u2019ENCUS, JHANA 2019<\/p><p>Canel\u00f3n de boletus, beurre blanc de caviar Osetra y stracciatella ahumada<br \/><em>Boletus cannelloni, Osetra caviar beurre blanc and smocked stracciatella<\/em><br \/>MENADE, SOBRENATURAL 2016 MAGNUM<\/p><p>Pargo con salsa de almejas, crema de celeri y ensalada de algas<br \/><em>Sea Bream with clams sauce, celeri cream and seaweed salad<\/em><br \/>EULOGIO POMARES, CASTI\u00d1EIRO 2021<\/p><p>Pich\u00f3n, milhoja de ensaimada y ciruela asada<br \/><em>Pigeon, ensaimada millefeuille and roasted cherry<\/em><br \/>DESCENDIENTES DE J. PALACIOS, LAS LAMAS 2001 5L<\/p><p>Semifr\u00edo de panettone y helado de dulce de leche<br \/><em>Panettone semifreddo and \u201cdulce de leche\u201d ice cream<\/em><br \/>MORTITX, DOL\u00c7 DE GEL 2020<\/p><p>Petit Fours<br \/>Uva de la suerte<\/p><p><strong>285,00\u20ac<\/strong><br \/>Precios en Euros (\u20ac) con IVA incluido.<\/p><p>Todos nuestros platos pueden contener alg\u00fan alimento AL\u00c9RGENO<br \/>entre sus ingredientes (Reglamento EU 11)<\/p>\t\t\t\t\t\t<\/div>\n\t\t\t\t<\/div>\n\t\t\t\t<div class=\"elementor-element elementor-element-dc3e549 elementor-align-center elementor-widget elementor-widget-button\" data-id=\"dc3e549\" data-element_type=\"widget\" data-widget_type=\"button.default\">\n\t\t\t\t<div class=\"elementor-widget-container\">\n\t\t\t\t\t<div class=\"elementor-button-wrapper\">\n\t\t\t<a class=\"elementor-button elementor-button-link elementor-size-sm\" href=\"https:\/\/aromatarestaurant.com\/wp-content\/uploads\/2023\/11\/aromata-proposta-nit-vella.pdf\" target=\"_blank\">\n\t\t\t\t\t\t<span class=\"elementor-button-content-wrapper\">\n\t\t\t\t\t\t<span class=\"elementor-button-text\">DOWNLOAD MENU<\/span>\n\t\t<\/span>\n\t\t\t\t\t<\/a>\n\t\t<\/div>\n\t\t\t\t<\/div>\n\t\t\t\t<\/div>\n\t\t\t\t\t<\/div>\n\t\t<\/div>\n\t\t\t\t\t\t\t<\/div>\n\t\t<\/section>\n\t\t\t\t\t<\/div>\n\t\t<\/div>\n\t\t\t\t\t\t\t<\/div>\n\t\t<\/section>\n\t\t\t\t\t\t\t<\/div>\n\t\t","protected":false},"excerpt":{"rendered":"<p>Aromata Special Christmas The most special dates of the year are here, and in our restaurant we are already prepared so that you can enjoy them and share them with us, but if you prefer to enjoy these festive dates with &#8216;Aromata&#8217; at home, reserve your Take Away menu. Men\u00fa para Grupos (for groups of [&hellip;]<\/p>\n","protected":false},"author":1,"featured_media":0,"parent":0,"menu_order":0,"comment_status":"closed","ping_status":"closed","template":"elementor_header_footer","meta":[],"yoast_head":"<!-- This site is optimized with the Yoast SEO plugin v20.11 - https:\/\/yoast.com\/wordpress\/plugins\/seo\/ -->\n<title>Christmas and New Year&#039;s Eve Menus | AROMATA Restaurant<\/title>\n<meta name=\"robots\" content=\"index, follow, max-snippet:-1, max-image-preview:large, max-video-preview:-1\" \/>\n<link rel=\"canonical\" href=\"https:\/\/aromatarestaurant.com\/de\/christmas-new-years-eve-menus\/\" \/>\n<meta property=\"og:locale\" content=\"de_DE\" \/>\n<meta property=\"og:type\" content=\"article\" \/>\n<meta property=\"og:title\" content=\"Christmas and New Year&#039;s Eve Menus | AROMATA Restaurant\" \/>\n<meta property=\"og:description\" content=\"Aromata Special Christmas The most special dates of the year are here, and in our restaurant we are already prepared so that you can enjoy them and share them with us, but if you prefer to enjoy these festive dates with &#8216;Aromata&#8217; at home, reserve your Take Away menu. Men\u00fa para Grupos (for groups of [&hellip;]\" \/>\n<meta property=\"og:url\" content=\"https:\/\/aromatarestaurant.com\/de\/christmas-new-years-eve-menus\/\" \/>\n<meta property=\"og:site_name\" content=\"Aromata\" \/>\n<meta property=\"article:modified_time\" content=\"2023-11-17T09:33:40+00:00\" \/>\n<meta name=\"twitter:card\" content=\"summary_large_image\" \/>\n<meta name=\"twitter:label1\" content=\"Gesch\u00e4tzte Lesezeit\" \/>\n\t<meta name=\"twitter:data1\" content=\"2 Minuten\" \/>\n<script type=\"application\/ld+json\" class=\"yoast-schema-graph\">{\"@context\":\"https:\/\/schema.org\",\"@graph\":[{\"@type\":\"WebPage\",\"@id\":\"https:\/\/aromatarestaurant.com\/de\/christmas-new-years-eve-menus\/\",\"url\":\"https:\/\/aromatarestaurant.com\/de\/christmas-new-years-eve-menus\/\",\"name\":\"Christmas and New Year's Eve Menus | AROMATA Restaurant\",\"isPartOf\":{\"@id\":\"https:\/\/aromatarestaurant.com\/#website\"},\"datePublished\":\"2023-11-10T08:37:01+00:00\",\"dateModified\":\"2023-11-17T09:33:40+00:00\",\"breadcrumb\":{\"@id\":\"https:\/\/aromatarestaurant.com\/de\/christmas-new-years-eve-menus\/#breadcrumb\"},\"inLanguage\":\"de-DE\",\"potentialAction\":[{\"@type\":\"ReadAction\",\"target\":[\"https:\/\/aromatarestaurant.com\/de\/christmas-new-years-eve-menus\/\"]}]},{\"@type\":\"BreadcrumbList\",\"@id\":\"https:\/\/aromatarestaurant.com\/de\/christmas-new-years-eve-menus\/#breadcrumb\",\"itemListElement\":[{\"@type\":\"ListItem\",\"position\":1,\"name\":\"Portada\",\"item\":\"https:\/\/aromatarestaurant.com\/de\/\"},{\"@type\":\"ListItem\",\"position\":2,\"name\":\"Aromata Special Christmas\"}]},{\"@type\":\"WebSite\",\"@id\":\"https:\/\/aromatarestaurant.com\/#website\",\"url\":\"https:\/\/aromatarestaurant.com\/\",\"name\":\"Aromata\",\"description\":\"Restaurante en Palma. Estrella Michelin\",\"potentialAction\":[{\"@type\":\"SearchAction\",\"target\":{\"@type\":\"EntryPoint\",\"urlTemplate\":\"https:\/\/aromatarestaurant.com\/?s={search_term_string}\"},\"query-input\":\"required name=search_term_string\"}],\"inLanguage\":\"de-DE\"}]}<\/script>\n<!-- \/ Yoast SEO plugin. -->","yoast_head_json":{"title":"Christmas and New Year's Eve Menus | AROMATA Restaurant","robots":{"index":"index","follow":"follow","max-snippet":"max-snippet:-1","max-image-preview":"max-image-preview:large","max-video-preview":"max-video-preview:-1"},"canonical":"https:\/\/aromatarestaurant.com\/de\/christmas-new-years-eve-menus\/","og_locale":"de_DE","og_type":"article","og_title":"Christmas and New Year's Eve Menus | AROMATA Restaurant","og_description":"Aromata Special Christmas The most special dates of the year are here, and in our restaurant we are already prepared so that you can enjoy them and share them with us, but if you prefer to enjoy these festive dates with &#8216;Aromata&#8217; at home, reserve your Take Away menu. Men\u00fa para Grupos (for groups of [&hellip;]","og_url":"https:\/\/aromatarestaurant.com\/de\/christmas-new-years-eve-menus\/","og_site_name":"Aromata","article_modified_time":"2023-11-17T09:33:40+00:00","twitter_card":"summary_large_image","twitter_misc":{"Gesch\u00e4tzte Lesezeit":"2 Minuten"},"schema":{"@context":"https:\/\/schema.org","@graph":[{"@type":"WebPage","@id":"https:\/\/aromatarestaurant.com\/de\/christmas-new-years-eve-menus\/","url":"https:\/\/aromatarestaurant.com\/de\/christmas-new-years-eve-menus\/","name":"Christmas and New Year's Eve Menus | AROMATA Restaurant","isPartOf":{"@id":"https:\/\/aromatarestaurant.com\/#website"},"datePublished":"2023-11-10T08:37:01+00:00","dateModified":"2023-11-17T09:33:40+00:00","breadcrumb":{"@id":"https:\/\/aromatarestaurant.com\/de\/christmas-new-years-eve-menus\/#breadcrumb"},"inLanguage":"de-DE","potentialAction":[{"@type":"ReadAction","target":["https:\/\/aromatarestaurant.com\/de\/christmas-new-years-eve-menus\/"]}]},{"@type":"BreadcrumbList","@id":"https:\/\/aromatarestaurant.com\/de\/christmas-new-years-eve-menus\/#breadcrumb","itemListElement":[{"@type":"ListItem","position":1,"name":"Portada","item":"https:\/\/aromatarestaurant.com\/de\/"},{"@type":"ListItem","position":2,"name":"Aromata Special Christmas"}]},{"@type":"WebSite","@id":"https:\/\/aromatarestaurant.com\/#website","url":"https:\/\/aromatarestaurant.com\/","name":"Aromata","description":"Restaurante en Palma. Estrella Michelin","potentialAction":[{"@type":"SearchAction","target":{"@type":"EntryPoint","urlTemplate":"https:\/\/aromatarestaurant.com\/?s={search_term_string}"},"query-input":"required name=search_term_string"}],"inLanguage":"de-DE"}]}},"_links":{"self":[{"href":"https:\/\/aromatarestaurant.com\/de\/wp-json\/wp\/v2\/pages\/3788"}],"collection":[{"href":"https:\/\/aromatarestaurant.com\/de\/wp-json\/wp\/v2\/pages"}],"about":[{"href":"https:\/\/aromatarestaurant.com\/de\/wp-json\/wp\/v2\/types\/page"}],"author":[{"embeddable":true,"href":"https:\/\/aromatarestaurant.com\/de\/wp-json\/wp\/v2\/users\/1"}],"replies":[{"embeddable":true,"href":"https:\/\/aromatarestaurant.com\/de\/wp-json\/wp\/v2\/comments?post=3788"}],"version-history":[{"count":13,"href":"https:\/\/aromatarestaurant.com\/de\/wp-json\/wp\/v2\/pages\/3788\/revisions"}],"predecessor-version":[{"id":3864,"href":"https:\/\/aromatarestaurant.com\/de\/wp-json\/wp\/v2\/pages\/3788\/revisions\/3864"}],"wp:attachment":[{"href":"https:\/\/aromatarestaurant.com\/de\/wp-json\/wp\/v2\/media?parent=3788"}],"curies":[{"name":"wp","href":"https:\/\/api.w.org\/{rel}","templated":true}]}}