{"id":3121,"date":"2023-01-30T07:19:33","date_gmt":"2023-01-30T07:19:33","guid":{"rendered":"https:\/\/aromatarestaurant.com\/bonos-regalo\/"},"modified":"2026-03-10T13:16:05","modified_gmt":"2026-03-10T13:16:05","slug":"geschenkgutschein","status":"publish","type":"page","link":"https:\/\/aromatarestaurant.com\/de\/geschenkgutschein\/","title":{"rendered":"Geschenkgutschein"},"content":{"rendered":"\t\t<div data-elementor-type=\"wp-page\" data-elementor-id=\"3121\" class=\"elementor elementor-3121 elementor-89\">\n\t\t\t\t\t\t\t\t\t<section class=\"elementor-section elementor-top-section elementor-element elementor-element-77c8326 elementor-section-full_width elementor-section-height-min-height elementor-section-items-bottom elementor-section-height-default\" data-id=\"77c8326\" data-element_type=\"section\" data-settings=\"{&quot;background_background&quot;:&quot;classic&quot;}\">\n\t\t\t\t\t\t\t<div class=\"elementor-background-overlay\"><\/div>\n\t\t\t\t\t\t\t<div class=\"elementor-container elementor-column-gap-default\">\n\t\t\t\t\t<div class=\"elementor-column elementor-col-100 elementor-top-column elementor-element elementor-element-9cf6ee8\" data-id=\"9cf6ee8\" data-element_type=\"column\">\n\t\t\t<div class=\"elementor-widget-wrap elementor-element-populated\">\n\t\t\t\t\t\t\t\t<div class=\"elementor-element elementor-element-be63ddf elementor-widget elementor-widget-heading\" data-id=\"be63ddf\" data-element_type=\"widget\" data-widget_type=\"heading.default\">\n\t\t\t\t<div class=\"elementor-widget-container\">\n\t\t\t<style>\/*! elementor - v3.14.0 - 26-06-2023 *\/\n.elementor-heading-title{padding:0;margin:0;line-height:1}.elementor-widget-heading .elementor-heading-title[class*=elementor-size-]>a{color:inherit;font-size:inherit;line-height:inherit}.elementor-widget-heading .elementor-heading-title.elementor-size-small{font-size:15px}.elementor-widget-heading .elementor-heading-title.elementor-size-medium{font-size:19px}.elementor-widget-heading .elementor-heading-title.elementor-size-large{font-size:29px}.elementor-widget-heading .elementor-heading-title.elementor-size-xl{font-size:39px}.elementor-widget-heading .elementor-heading-title.elementor-size-xxl{font-size:59px}<\/style><div class=\"elementor-heading-title elementor-size-default\">M\u00f6chten Sie ein kulinarisches Erlebnis verschenken?<\/div>\t\t<\/div>\n\t\t\t\t<\/div>\n\t\t\t\t<div class=\"elementor-element elementor-element-c8c2835 elementor-widget elementor-widget-spacer\" data-id=\"c8c2835\" data-element_type=\"widget\" data-widget_type=\"spacer.default\">\n\t\t\t\t<div class=\"elementor-widget-container\">\n\t\t\t<style>\/*! elementor - v3.14.0 - 26-06-2023 *\/\n.elementor-column .elementor-spacer-inner{height:var(--spacer-size)}.e-con{--container-widget-width:100%}.e-con-inner>.elementor-widget-spacer,.e-con>.elementor-widget-spacer{width:var(--container-widget-width,var(--spacer-size));--align-self:var(--container-widget-align-self,initial);--flex-shrink:0}.e-con-inner>.elementor-widget-spacer>.elementor-widget-container,.e-con-inner>.elementor-widget-spacer>.elementor-widget-container>.elementor-spacer,.e-con>.elementor-widget-spacer>.elementor-widget-container,.e-con>.elementor-widget-spacer>.elementor-widget-container>.elementor-spacer{height:100%}.e-con-inner>.elementor-widget-spacer>.elementor-widget-container>.elementor-spacer>.elementor-spacer-inner,.e-con>.elementor-widget-spacer>.elementor-widget-container>.elementor-spacer>.elementor-spacer-inner{height:var(--container-widget-height,var(--spacer-size))}<\/style>\t\t<div class=\"elementor-spacer\">\n\t\t\t<div class=\"elementor-spacer-inner\"><\/div>\n\t\t<\/div>\n\t\t\t\t<\/div>\n\t\t\t\t<\/div>\n\t\t\t\t\t<\/div>\n\t\t<\/div>\n\t\t\t\t\t\t\t<\/div>\n\t\t<\/section>\n\t\t\t\t<section class=\"elementor-section elementor-top-section elementor-element elementor-element-6c908b2 elementor-hidden-desktop elementor-hidden-tablet elementor-hidden-mobile elementor-section-boxed elementor-section-height-default elementor-section-height-default\" data-id=\"6c908b2\" data-element_type=\"section\">\n\t\t\t\t\t\t<div class=\"elementor-container elementor-column-gap-default\">\n\t\t\t\t\t<div class=\"elementor-column elementor-col-100 elementor-top-column elementor-element elementor-element-8ffdb73\" data-id=\"8ffdb73\" data-element_type=\"column\">\n\t\t\t<div class=\"elementor-widget-wrap elementor-element-populated\">\n\t\t\t\t\t\t\t\t<div class=\"elementor-element elementor-element-99055ef elementor-widget elementor-widget-text-editor\" data-id=\"99055ef\" data-element_type=\"widget\" data-widget_type=\"text-editor.default\">\n\t\t\t\t<div class=\"elementor-widget-container\">\n\t\t\t<style>\/*! elementor - v3.14.0 - 26-06-2023 *\/\n.elementor-widget-text-editor.elementor-drop-cap-view-stacked .elementor-drop-cap{background-color:#69727d;color:#fff}.elementor-widget-text-editor.elementor-drop-cap-view-framed .elementor-drop-cap{color:#69727d;border:3px solid;background-color:transparent}.elementor-widget-text-editor:not(.elementor-drop-cap-view-default) .elementor-drop-cap{margin-top:8px}.elementor-widget-text-editor:not(.elementor-drop-cap-view-default) .elementor-drop-cap-letter{width:1em;height:1em}.elementor-widget-text-editor .elementor-drop-cap{float:left;text-align:center;line-height:1;font-size:50px}.elementor-widget-text-editor .elementor-drop-cap-letter{display:inline-block}<\/style>\t\t\t\t<p><strong>Wir verbessern die Website.<br \/>Geschenkgutscheine sind in K\u00fcrze wieder erh\u00e4ltlich. <br \/>Sie k\u00f6nnen jetzt 971 007 014 anrufen<\/strong><\/p>\t\t\t\t\t\t<\/div>\n\t\t\t\t<\/div>\n\t\t\t\t\t<\/div>\n\t\t<\/div>\n\t\t\t\t\t\t\t<\/div>\n\t\t<\/section>\n\t\t\t\t<section class=\"elementor-section elementor-top-section elementor-element elementor-element-b339d96 elementor-section-boxed elementor-section-height-default elementor-section-height-default\" data-id=\"b339d96\" data-element_type=\"section\">\n\t\t\t\t\t\t<div class=\"elementor-container elementor-column-gap-custom\">\n\t\t\t\t\t<div class=\"elementor-column elementor-col-33 elementor-top-column elementor-element elementor-element-45258bc\" data-id=\"45258bc\" data-element_type=\"column\">\n\t\t\t<div class=\"elementor-widget-wrap elementor-element-populated\">\n\t\t\t\t\t\t\t\t<section class=\"elementor-section elementor-inner-section elementor-element elementor-element-3ced29b elementor-section-boxed elementor-section-height-default elementor-section-height-default\" data-id=\"3ced29b\" data-element_type=\"section\">\n\t\t\t\t\t\t<div class=\"elementor-container elementor-column-gap-custom\">\n\t\t\t\t\t<div class=\"elementor-column elementor-col-100 elementor-inner-column elementor-element elementor-element-59d8002\" data-id=\"59d8002\" data-element_type=\"column\" data-settings=\"{&quot;background_background&quot;:&quot;gradient&quot;}\">\n\t\t\t<div class=\"elementor-widget-wrap elementor-element-populated\">\n\t\t\t\t\t\t\t\t<div class=\"elementor-element elementor-element-b296bb3 elementor-widget elementor-widget-image\" data-id=\"b296bb3\" data-element_type=\"widget\" data-widget_type=\"image.default\">\n\t\t\t\t<div class=\"elementor-widget-container\">\n\t\t\t<style>\/*! elementor - v3.14.0 - 26-06-2023 *\/\n.elementor-widget-image{text-align:center}.elementor-widget-image a{display:inline-block}.elementor-widget-image a img[src$=\".svg\"]{width:48px}.elementor-widget-image img{vertical-align:middle;display:inline-block}<\/style>\t\t\t\t\t\t\t\t\t\t\t\t\t<a href=\"https:\/\/aromatarestaurant.com\/de\/producto\/menu-degustacion-aromata\/\">\n\t\t\t\t\t\t\t<img decoding=\"async\" src=\"https:\/\/aromatarestaurant.com\/wp-content\/uploads\/elementor\/thumbs\/Aromata-q1f52x3d9giea6pwoqoijmc9xc4zwbk2w0p609xz0o.jpeg\" title=\"Aromata.jpeg\" alt=\"Aromata.jpeg\" loading=\"lazy\" \/>\t\t\t\t\t\t\t\t<\/a>\n\t\t\t\t\t\t\t\t\t\t\t\t\t\t\t<\/div>\n\t\t\t\t<\/div>\n\t\t\t\t<div class=\"elementor-element elementor-element-55e367b elementor-widget elementor-widget-heading\" data-id=\"55e367b\" data-element_type=\"widget\" data-widget_type=\"heading.default\">\n\t\t\t\t<div class=\"elementor-widget-container\">\n\t\t\t<div class=\"elementor-heading-title elementor-size-default\">Degustations<br>men\u00fc Aromata<\/div>\t\t<\/div>\n\t\t\t\t<\/div>\n\t\t\t\t<div class=\"elementor-element elementor-element-217c7f8 elementor-widget elementor-widget-heading\" data-id=\"217c7f8\" data-element_type=\"widget\" data-widget_type=\"heading.default\">\n\t\t\t\t<div class=\"elementor-widget-container\">\n\t\t\t<div class=\"elementor-heading-title elementor-size-default\">75,00\u20ac \u2013 145,00\u20ac<\/div>\t\t<\/div>\n\t\t\t\t<\/div>\n\t\t\t\t<div class=\"elementor-element elementor-element-c408e43 elementor-align-center elementor-widget elementor-widget-button\" data-id=\"c408e43\" data-element_type=\"widget\" data-widget_type=\"button.default\">\n\t\t\t\t<div class=\"elementor-widget-container\">\n\t\t\t\t\t<div class=\"elementor-button-wrapper\">\n\t\t\t<a class=\"elementor-button elementor-button-link elementor-size-sm\" href=\"https:\/\/aromatarestaurant.com\/de\/producto\/menu-degustacion-aromata\/\">\n\t\t\t\t\t\t<span class=\"elementor-button-content-wrapper\">\n\t\t\t\t\t\t<span class=\"elementor-button-text\">SIEHE PRODUKTE<\/span>\n\t\t<\/span>\n\t\t\t\t\t<\/a>\n\t\t<\/div>\n\t\t\t\t<\/div>\n\t\t\t\t<\/div>\n\t\t\t\t<div class=\"elementor-element elementor-element-e3839bb elementor-widget elementor-widget-spacer\" data-id=\"e3839bb\" data-element_type=\"widget\" data-widget_type=\"spacer.default\">\n\t\t\t\t<div class=\"elementor-widget-container\">\n\t\t\t\t\t<div class=\"elementor-spacer\">\n\t\t\t<div class=\"elementor-spacer-inner\"><\/div>\n\t\t<\/div>\n\t\t\t\t<\/div>\n\t\t\t\t<\/div>\n\t\t\t\t\t<\/div>\n\t\t<\/div>\n\t\t\t\t\t\t\t<\/div>\n\t\t<\/section>\n\t\t\t\t\t<\/div>\n\t\t<\/div>\n\t\t\t\t<div class=\"elementor-column elementor-col-33 elementor-top-column elementor-element elementor-element-f24f97a\" data-id=\"f24f97a\" data-element_type=\"column\">\n\t\t\t<div class=\"elementor-widget-wrap elementor-element-populated\">\n\t\t\t\t\t\t\t\t<section class=\"elementor-section elementor-inner-section elementor-element elementor-element-70eabec elementor-section-boxed elementor-section-height-default elementor-section-height-default\" data-id=\"70eabec\" data-element_type=\"section\">\n\t\t\t\t\t\t<div class=\"elementor-container elementor-column-gap-custom\">\n\t\t\t\t\t<div class=\"elementor-column elementor-col-100 elementor-inner-column elementor-element elementor-element-7fb4f7f\" data-id=\"7fb4f7f\" data-element_type=\"column\" data-settings=\"{&quot;background_background&quot;:&quot;gradient&quot;}\">\n\t\t\t<div class=\"elementor-widget-wrap elementor-element-populated\">\n\t\t\t\t\t\t\t\t<div class=\"elementor-element elementor-element-ccdb178 elementor-widget elementor-widget-image\" data-id=\"ccdb178\" data-element_type=\"widget\" data-widget_type=\"image.default\">\n\t\t\t\t<div class=\"elementor-widget-container\">\n\t\t\t\t\t\t\t\t\t\t\t\t\t\t\t\t<a href=\"https:\/\/aromatarestaurant.com\/de\/producto\/menu-degustacion-sentits\/\">\n\t\t\t\t\t\t\t<img decoding=\"async\" src=\"https:\/\/aromatarestaurant.com\/wp-content\/uploads\/elementor\/thumbs\/Sentis-q1f52yz1n4kyxen6drhrolv743vqbprjka04ytv6o8.jpeg\" title=\"Sentis.jpeg\" alt=\"Sentis.jpeg\" loading=\"lazy\" \/>\t\t\t\t\t\t\t\t<\/a>\n\t\t\t\t\t\t\t\t\t\t\t\t\t\t\t<\/div>\n\t\t\t\t<\/div>\n\t\t\t\t<div class=\"elementor-element elementor-element-66eba3a elementor-widget elementor-widget-heading\" data-id=\"66eba3a\" data-element_type=\"widget\" data-widget_type=\"heading.default\">\n\t\t\t\t<div class=\"elementor-widget-container\">\n\t\t\t<div class=\"elementor-heading-title elementor-size-default\">Degustations<br>men\u00fc Sentits<\/div>\t\t<\/div>\n\t\t\t\t<\/div>\n\t\t\t\t<div class=\"elementor-element elementor-element-11c99d7 elementor-widget elementor-widget-heading\" data-id=\"11c99d7\" data-element_type=\"widget\" data-widget_type=\"heading.default\">\n\t\t\t\t<div class=\"elementor-widget-container\">\n\t\t\t<div class=\"elementor-heading-title elementor-size-default\">90,00\u20ac \u2013 175,00\u20ac<\/div>\t\t<\/div>\n\t\t\t\t<\/div>\n\t\t\t\t<div class=\"elementor-element elementor-element-7793e8e elementor-align-center elementor-widget elementor-widget-button\" data-id=\"7793e8e\" data-element_type=\"widget\" data-widget_type=\"button.default\">\n\t\t\t\t<div class=\"elementor-widget-container\">\n\t\t\t\t\t<div class=\"elementor-button-wrapper\">\n\t\t\t<a class=\"elementor-button elementor-button-link elementor-size-sm\" href=\"https:\/\/aromatarestaurant.com\/de\/producto\/menu-degustacion-sentits\/\">\n\t\t\t\t\t\t<span class=\"elementor-button-content-wrapper\">\n\t\t\t\t\t\t<span class=\"elementor-button-text\">SIEHE PRODUKTE<\/span>\n\t\t<\/span>\n\t\t\t\t\t<\/a>\n\t\t<\/div>\n\t\t\t\t<\/div>\n\t\t\t\t<\/div>\n\t\t\t\t<div class=\"elementor-element elementor-element-286ebac elementor-widget elementor-widget-spacer\" data-id=\"286ebac\" data-element_type=\"widget\" data-widget_type=\"spacer.default\">\n\t\t\t\t<div class=\"elementor-widget-container\">\n\t\t\t\t\t<div class=\"elementor-spacer\">\n\t\t\t<div class=\"elementor-spacer-inner\"><\/div>\n\t\t<\/div>\n\t\t\t\t<\/div>\n\t\t\t\t<\/div>\n\t\t\t\t\t<\/div>\n\t\t<\/div>\n\t\t\t\t\t\t\t<\/div>\n\t\t<\/section>\n\t\t\t\t<div class=\"elementor-element elementor-element-f3cbdd4 elementor-widget elementor-widget-spacer\" data-id=\"f3cbdd4\" data-element_type=\"widget\" data-widget_type=\"spacer.default\">\n\t\t\t\t<div class=\"elementor-widget-container\">\n\t\t\t\t\t<div class=\"elementor-spacer\">\n\t\t\t<div class=\"elementor-spacer-inner\"><\/div>\n\t\t<\/div>\n\t\t\t\t<\/div>\n\t\t\t\t<\/div>\n\t\t\t\t\t<\/div>\n\t\t<\/div>\n\t\t\t\t<div class=\"elementor-column elementor-col-33 elementor-top-column elementor-element elementor-element-2c8817b\" data-id=\"2c8817b\" data-element_type=\"column\">\n\t\t\t<div class=\"elementor-widget-wrap elementor-element-populated\">\n\t\t\t\t\t\t\t\t<section class=\"elementor-section elementor-inner-section elementor-element elementor-element-a526f37 elementor-section-boxed elementor-section-height-default elementor-section-height-default\" data-id=\"a526f37\" data-element_type=\"section\">\n\t\t\t\t\t\t<div class=\"elementor-container elementor-column-gap-custom\">\n\t\t\t\t\t<div class=\"elementor-column elementor-col-100 elementor-inner-column elementor-element elementor-element-d0fa2cb\" data-id=\"d0fa2cb\" data-element_type=\"column\" data-settings=\"{&quot;background_background&quot;:&quot;gradient&quot;}\">\n\t\t\t<div class=\"elementor-widget-wrap elementor-element-populated\">\n\t\t\t\t\t\t\t\t<div class=\"elementor-element elementor-element-4c24b67 elementor-widget elementor-widget-image\" data-id=\"4c24b67\" data-element_type=\"widget\" data-widget_type=\"image.default\">\n\t\t\t\t<div class=\"elementor-widget-container\">\n\t\t\t\t\t\t\t\t\t\t\t\t\t\t\t\t<a href=\"https:\/\/aromatarestaurant.com\/de\/producto\/mittagsmenu\/\">\n\t\t\t\t\t\t\t<img decoding=\"async\" src=\"https:\/\/aromatarestaurant.com\/wp-content\/uploads\/elementor\/thumbs\/menumediodia-r1fxxpqvj084mbuw3ituwqj2e4kkh7lkgxaobobp8o.jpg\" title=\"menumediodia\" alt=\"menumediodia\" loading=\"lazy\" \/>\t\t\t\t\t\t\t\t<\/a>\n\t\t\t\t\t\t\t\t\t\t\t\t\t\t\t<\/div>\n\t\t\t\t<\/div>\n\t\t\t\t<div class=\"elementor-element elementor-element-f510f2d elementor-widget elementor-widget-heading\" data-id=\"f510f2d\" data-element_type=\"widget\" data-widget_type=\"heading.default\">\n\t\t\t\t<div class=\"elementor-widget-container\">\n\t\t\t<div class=\"elementor-heading-title elementor-size-default\">Mittagsmen\u00fc<br>Aromata<\/div>\t\t<\/div>\n\t\t\t\t<\/div>\n\t\t\t\t<div class=\"elementor-element elementor-element-8793eb4 elementor-widget elementor-widget-heading\" data-id=\"8793eb4\" data-element_type=\"widget\" data-widget_type=\"heading.default\">\n\t\t\t\t<div class=\"elementor-widget-container\">\n\t\t\t<div class=\"elementor-heading-title elementor-size-default\">43,00\u20ac \u2013 77,00\u20ac<\/div>\t\t<\/div>\n\t\t\t\t<\/div>\n\t\t\t\t<div class=\"elementor-element elementor-element-0c9f6db elementor-align-center elementor-widget elementor-widget-button\" data-id=\"0c9f6db\" data-element_type=\"widget\" data-widget_type=\"button.default\">\n\t\t\t\t<div class=\"elementor-widget-container\">\n\t\t\t\t\t<div class=\"elementor-button-wrapper\">\n\t\t\t<a class=\"elementor-button elementor-button-link elementor-size-sm\" href=\"https:\/\/aromatarestaurant.com\/de\/producto\/mittagsmenu\/\">\n\t\t\t\t\t\t<span class=\"elementor-button-content-wrapper\">\n\t\t\t\t\t\t<span class=\"elementor-button-text\">SIEHE PRODUKTE<\/span>\n\t\t<\/span>\n\t\t\t\t\t<\/a>\n\t\t<\/div>\n\t\t\t\t<\/div>\n\t\t\t\t<\/div>\n\t\t\t\t<div class=\"elementor-element elementor-element-c39a149 elementor-widget elementor-widget-spacer\" data-id=\"c39a149\" data-element_type=\"widget\" data-widget_type=\"spacer.default\">\n\t\t\t\t<div class=\"elementor-widget-container\">\n\t\t\t\t\t<div class=\"elementor-spacer\">\n\t\t\t<div class=\"elementor-spacer-inner\"><\/div>\n\t\t<\/div>\n\t\t\t\t<\/div>\n\t\t\t\t<\/div>\n\t\t\t\t\t<\/div>\n\t\t<\/div>\n\t\t\t\t\t\t\t<\/div>\n\t\t<\/section>\n\t\t\t\t<div class=\"elementor-element elementor-element-4bc79b0 elementor-widget elementor-widget-spacer\" data-id=\"4bc79b0\" data-element_type=\"widget\" data-widget_type=\"spacer.default\">\n\t\t\t\t<div class=\"elementor-widget-container\">\n\t\t\t\t\t<div class=\"elementor-spacer\">\n\t\t\t<div class=\"elementor-spacer-inner\"><\/div>\n\t\t<\/div>\n\t\t\t\t<\/div>\n\t\t\t\t<\/div>\n\t\t\t\t\t<\/div>\n\t\t<\/div>\n\t\t\t\t\t\t\t<\/div>\n\t\t<\/section>\n\t\t\t\t\t\t\t<\/div>\n\t\t","protected":false},"excerpt":{"rendered":"<p>M\u00f6chten Sie ein kulinarisches Erlebnis verschenken? Wir verbessern die Website.Geschenkgutscheine sind in K\u00fcrze wieder erh\u00e4ltlich. Sie k\u00f6nnen jetzt 971 007 014 anrufen Degustationsmen\u00fc Aromata 75,00\u20ac \u2013 145,00\u20ac SIEHE PRODUKTE Degustationsmen\u00fc Sentits 90,00\u20ac \u2013 175,00\u20ac SIEHE PRODUKTE Mittagsmen\u00fcAromata 43,00\u20ac \u2013 77,00\u20ac SIEHE PRODUKTE<\/p>\n","protected":false},"author":1,"featured_media":0,"parent":0,"menu_order":0,"comment_status":"closed","ping_status":"closed","template":"elementor_header_footer","meta":[],"yoast_head":"<!-- This site is optimized with the Yoast SEO plugin v20.11 - https:\/\/yoast.com\/wordpress\/plugins\/seo\/ -->\n<title>Schenken Sie ein kulinarisches Erlebnis | Restaurant AROMATA<\/title>\n<meta name=\"robots\" content=\"index, follow, max-snippet:-1, max-image-preview:large, max-video-preview:-1\" \/>\n<link rel=\"canonical\" href=\"https:\/\/aromatarestaurant.com\/de\/geschenkgutschein\/\" \/>\n<meta property=\"og:locale\" content=\"de_DE\" \/>\n<meta property=\"og:type\" content=\"article\" \/>\n<meta property=\"og:title\" content=\"Schenken Sie ein kulinarisches Erlebnis | Restaurant AROMATA\" \/>\n<meta property=\"og:description\" content=\"M\u00f6chten Sie ein kulinarisches Erlebnis verschenken? Wir verbessern die Website.Geschenkgutscheine sind in K\u00fcrze wieder erh\u00e4ltlich. Sie k\u00f6nnen jetzt 971 007 014 anrufen Degustationsmen\u00fc Aromata 75,00\u20ac \u2013 145,00\u20ac SIEHE PRODUKTE Degustationsmen\u00fc Sentits 90,00\u20ac \u2013 175,00\u20ac SIEHE PRODUKTE Mittagsmen\u00fcAromata 43,00\u20ac \u2013 77,00\u20ac SIEHE PRODUKTE\" \/>\n<meta property=\"og:url\" content=\"https:\/\/aromatarestaurant.com\/de\/geschenkgutschein\/\" \/>\n<meta property=\"og:site_name\" content=\"Aromata\" \/>\n<meta property=\"article:modified_time\" content=\"2026-03-10T13:16:05+00:00\" \/>\n<meta property=\"og:image\" content=\"https:\/\/aromatarestaurant.com\/wp-content\/uploads\/elementor\/thumbs\/Aromata-q1f52x3d9giea6pwoqoijmc9xc4zwbk2w0p609xz0o.jpeg\" \/>\n<meta name=\"twitter:card\" content=\"summary_large_image\" \/>\n<meta name=\"twitter:label1\" content=\"Gesch\u00e4tzte Lesezeit\" \/>\n\t<meta name=\"twitter:data1\" content=\"1 Minute\" \/>\n<script type=\"application\/ld+json\" class=\"yoast-schema-graph\">{\"@context\":\"https:\/\/schema.org\",\"@graph\":[{\"@type\":\"WebPage\",\"@id\":\"https:\/\/aromatarestaurant.com\/de\/geschenkgutschein\/\",\"url\":\"https:\/\/aromatarestaurant.com\/de\/geschenkgutschein\/\",\"name\":\"Schenken Sie ein kulinarisches Erlebnis | Restaurant AROMATA\",\"isPartOf\":{\"@id\":\"https:\/\/aromatarestaurant.com\/#website\"},\"datePublished\":\"2023-01-30T07:19:33+00:00\",\"dateModified\":\"2026-03-10T13:16:05+00:00\",\"breadcrumb\":{\"@id\":\"https:\/\/aromatarestaurant.com\/de\/geschenkgutschein\/#breadcrumb\"},\"inLanguage\":\"de-DE\",\"potentialAction\":[{\"@type\":\"ReadAction\",\"target\":[\"https:\/\/aromatarestaurant.com\/de\/geschenkgutschein\/\"]}]},{\"@type\":\"BreadcrumbList\",\"@id\":\"https:\/\/aromatarestaurant.com\/de\/geschenkgutschein\/#breadcrumb\",\"itemListElement\":[{\"@type\":\"ListItem\",\"position\":1,\"name\":\"Portada\",\"item\":\"https:\/\/aromatarestaurant.com\/de\/\"},{\"@type\":\"ListItem\",\"position\":2,\"name\":\"Geschenkgutschein\"}]},{\"@type\":\"WebSite\",\"@id\":\"https:\/\/aromatarestaurant.com\/#website\",\"url\":\"https:\/\/aromatarestaurant.com\/\",\"name\":\"Aromata\",\"description\":\"Restaurante en Palma. Estrella Michelin\",\"potentialAction\":[{\"@type\":\"SearchAction\",\"target\":{\"@type\":\"EntryPoint\",\"urlTemplate\":\"https:\/\/aromatarestaurant.com\/?s={search_term_string}\"},\"query-input\":\"required name=search_term_string\"}],\"inLanguage\":\"de-DE\"}]}<\/script>\n<!-- \/ Yoast SEO plugin. -->","yoast_head_json":{"title":"Schenken Sie ein kulinarisches Erlebnis | Restaurant AROMATA","robots":{"index":"index","follow":"follow","max-snippet":"max-snippet:-1","max-image-preview":"max-image-preview:large","max-video-preview":"max-video-preview:-1"},"canonical":"https:\/\/aromatarestaurant.com\/de\/geschenkgutschein\/","og_locale":"de_DE","og_type":"article","og_title":"Schenken Sie ein kulinarisches Erlebnis | Restaurant AROMATA","og_description":"M\u00f6chten Sie ein kulinarisches Erlebnis verschenken? Wir verbessern die Website.Geschenkgutscheine sind in K\u00fcrze wieder erh\u00e4ltlich. Sie k\u00f6nnen jetzt 971 007 014 anrufen Degustationsmen\u00fc Aromata 75,00\u20ac \u2013 145,00\u20ac SIEHE PRODUKTE Degustationsmen\u00fc Sentits 90,00\u20ac \u2013 175,00\u20ac SIEHE PRODUKTE Mittagsmen\u00fcAromata 43,00\u20ac \u2013 77,00\u20ac SIEHE PRODUKTE","og_url":"https:\/\/aromatarestaurant.com\/de\/geschenkgutschein\/","og_site_name":"Aromata","article_modified_time":"2026-03-10T13:16:05+00:00","og_image":[{"url":"https:\/\/aromatarestaurant.com\/wp-content\/uploads\/elementor\/thumbs\/Aromata-q1f52x3d9giea6pwoqoijmc9xc4zwbk2w0p609xz0o.jpeg"}],"twitter_card":"summary_large_image","twitter_misc":{"Gesch\u00e4tzte Lesezeit":"1 Minute"},"schema":{"@context":"https:\/\/schema.org","@graph":[{"@type":"WebPage","@id":"https:\/\/aromatarestaurant.com\/de\/geschenkgutschein\/","url":"https:\/\/aromatarestaurant.com\/de\/geschenkgutschein\/","name":"Schenken Sie ein kulinarisches Erlebnis | Restaurant AROMATA","isPartOf":{"@id":"https:\/\/aromatarestaurant.com\/#website"},"datePublished":"2023-01-30T07:19:33+00:00","dateModified":"2026-03-10T13:16:05+00:00","breadcrumb":{"@id":"https:\/\/aromatarestaurant.com\/de\/geschenkgutschein\/#breadcrumb"},"inLanguage":"de-DE","potentialAction":[{"@type":"ReadAction","target":["https:\/\/aromatarestaurant.com\/de\/geschenkgutschein\/"]}]},{"@type":"BreadcrumbList","@id":"https:\/\/aromatarestaurant.com\/de\/geschenkgutschein\/#breadcrumb","itemListElement":[{"@type":"ListItem","position":1,"name":"Portada","item":"https:\/\/aromatarestaurant.com\/de\/"},{"@type":"ListItem","position":2,"name":"Geschenkgutschein"}]},{"@type":"WebSite","@id":"https:\/\/aromatarestaurant.com\/#website","url":"https:\/\/aromatarestaurant.com\/","name":"Aromata","description":"Restaurante en Palma. Estrella Michelin","potentialAction":[{"@type":"SearchAction","target":{"@type":"EntryPoint","urlTemplate":"https:\/\/aromatarestaurant.com\/?s={search_term_string}"},"query-input":"required name=search_term_string"}],"inLanguage":"de-DE"}]}},"_links":{"self":[{"href":"https:\/\/aromatarestaurant.com\/de\/wp-json\/wp\/v2\/pages\/3121"}],"collection":[{"href":"https:\/\/aromatarestaurant.com\/de\/wp-json\/wp\/v2\/pages"}],"about":[{"href":"https:\/\/aromatarestaurant.com\/de\/wp-json\/wp\/v2\/types\/page"}],"author":[{"embeddable":true,"href":"https:\/\/aromatarestaurant.com\/de\/wp-json\/wp\/v2\/users\/1"}],"replies":[{"embeddable":true,"href":"https:\/\/aromatarestaurant.com\/de\/wp-json\/wp\/v2\/comments?post=3121"}],"version-history":[{"count":29,"href":"https:\/\/aromatarestaurant.com\/de\/wp-json\/wp\/v2\/pages\/3121\/revisions"}],"predecessor-version":[{"id":6547,"href":"https:\/\/aromatarestaurant.com\/de\/wp-json\/wp\/v2\/pages\/3121\/revisions\/6547"}],"wp:attachment":[{"href":"https:\/\/aromatarestaurant.com\/de\/wp-json\/wp\/v2\/media?parent=3121"}],"curies":[{"name":"wp","href":"https:\/\/api.w.org\/{rel}","templated":true}]}}